{"id":57652,"date":"2025-06-09T10:55:17","date_gmt":"2025-06-09T08:55:17","guid":{"rendered":"https:\/\/www.partage.ch\/?page_id=57652"},"modified":"2025-09-02T16:08:49","modified_gmt":"2025-09-02T14:08:49","slug":"place-07","status":"publish","type":"page","link":"https:\/\/www.partage.ch\/fr\/20-ans\/pommes\/place-07\/","title":{"rendered":"07"},"content":{"rendered":"\t\t<div data-elementor-type=\"wp-page\" data-elementor-id=\"57652\" class=\"elementor elementor-57652\" data-elementor-post-type=\"page\">\n\t\t\t\t<div class=\"elementor-element elementor-element-7828eab3 e-con-full e-flex e-con e-parent\" data-id=\"7828eab3\" data-element_type=\"container\" data-e-type=\"container\">\n\t\t<div class=\"elementor-element elementor-element-71158ff e-flex e-con-boxed e-con e-child\" data-id=\"71158ff\" data-element_type=\"container\" data-e-type=\"container\">\n\t\t\t\t\t<div class=\"e-con-inner\">\n\t\t<div class=\"elementor-element elementor-element-d0ffd23 e-con-full e-flex e-con e-child\" data-id=\"d0ffd23\" data-element_type=\"container\" data-e-type=\"container\">\n\t\t\t\t<\/div>\n\t\t<div class=\"elementor-element elementor-element-307f2f2 e-con-full e-flex e-con e-child\" data-id=\"307f2f2\" data-element_type=\"container\" data-e-type=\"container\">\n\t\t\t\t<div class=\"elementor-element elementor-element-8be33cd elementor-widget elementor-widget-image\" data-id=\"8be33cd\" data-element_type=\"widget\" data-e-type=\"widget\" data-widget_type=\"image.default\">\n\t\t\t\t<div class=\"elementor-widget-container\">\n\t\t\t\t\t\t\t\t\t\t\t\t\t\t\t\t<a href=\"\/20-ans\/\">\n\t\t\t\t\t\t\t<img fetchpriority=\"high\" decoding=\"async\" width=\"294\" height=\"182\" src=\"https:\/\/www.partage.ch\/wp-content\/uploads\/logo-partage-20ans.svg\" class=\"attachment-large size-large wp-image-56193\" alt=\"\" \/>\t\t\t\t\t\t\t\t<\/a>\n\t\t\t\t\t\t\t\t\t\t\t\t\t\t\t<\/div>\n\t\t\t\t<\/div>\n\t\t\t\t<\/div>\n\t\t<div class=\"elementor-element elementor-element-656a722 e-con-full e-flex e-con e-child\" data-id=\"656a722\" data-element_type=\"container\" data-e-type=\"container\">\n\t\t\t\t<div class=\"elementor-element elementor-element-341fc3f elementor-widget elementor-widget-heading\" data-id=\"341fc3f\" data-element_type=\"widget\" data-e-type=\"widget\" data-widget_type=\"heading.default\">\n\t\t\t\t<div class=\"elementor-widget-container\">\n\t\t\t\t\t<h4 class=\"elementor-heading-title elementor-size-default\"><a href=\"https:\/\/www.partage.ch\/fr\/\">Accueil<\/a><\/h4>\t\t\t\t<\/div>\n\t\t\t\t<\/div>\n\t\t\t\t<div class=\"elementor-element elementor-element-9d8aa79 elementor-widget elementor-widget-heading\" data-id=\"9d8aa79\" data-element_type=\"widget\" data-e-type=\"widget\" data-widget_type=\"heading.default\">\n\t\t\t\t<div class=\"elementor-widget-container\">\n\t\t\t\t\t<h4 class=\"elementor-heading-title elementor-size-default\"><a href=\"\/fr\/20-ans\/\">T\u00e9moignages<\/a><\/h4>\t\t\t\t<\/div>\n\t\t\t\t<\/div>\n\t\t\t\t<div class=\"elementor-element elementor-element-aad7100 elementor-widget elementor-widget-heading\" data-id=\"aad7100\" data-element_type=\"widget\" data-e-type=\"widget\" data-widget_type=\"heading.default\">\n\t\t\t\t<div class=\"elementor-widget-container\">\n\t\t\t\t\t<h4 class=\"elementor-heading-title elementor-size-default\"><a href=\"https:\/\/www.partage.ch\/fr\/20-ans\/galerie\/\">Partage en images<\/a><\/h4>\t\t\t\t<\/div>\n\t\t\t\t<\/div>\n\t\t\t\t<\/div>\n\t\t\t\t\t<\/div>\n\t\t\t\t<\/div>\n\t\t\t\t<\/div>\n\t\t<div class=\"elementor-element elementor-element-f28c0ae e-con-full e-flex e-con e-parent\" data-id=\"f28c0ae\" data-element_type=\"container\" data-e-type=\"container\" data-settings=\"{&quot;background_background&quot;:&quot;classic&quot;}\">\n\t\t\t\t<div class=\"elementor-element elementor-element-81adf8a elementor-view-default elementor-widget elementor-widget-icon\" data-id=\"81adf8a\" data-element_type=\"widget\" data-e-type=\"widget\" data-widget_type=\"icon.default\">\n\t\t\t\t<div class=\"elementor-widget-container\">\n\t\t\t\t\t\t\t<div class=\"elementor-icon-wrapper\">\n\t\t\t<a class=\"elementor-icon\" href=\"\/fr\/20-ans\/pommes\/place-06\">\n\t\t\t<svg xmlns=\"http:\/\/www.w3.org\/2000\/svg\" viewBox=\"0 0 448 512\"><path d=\"M9.4 233.4c-12.5 12.5-12.5 32.8 0 45.3l160 160c12.5 12.5 32.8 12.5 45.3 0s12.5-32.8 0-45.3L109.2 288 416 288c17.7 0 32-14.3 32-32s-14.3-32-32-32l-306.7 0L214.6 118.6c12.5-12.5 12.5-32.8 0-45.3s-32.8-12.5-45.3 0l-160 160z\"><\/path><\/svg>\t\t\t<\/a>\n\t\t<\/div>\n\t\t\t\t\t\t<\/div>\n\t\t\t\t<\/div>\n\t\t\t\t<div class=\"elementor-element elementor-element-ebe9115 elementor-widget elementor-widget-heading\" data-id=\"ebe9115\" data-element_type=\"widget\" data-e-type=\"widget\" data-widget_type=\"heading.default\">\n\t\t\t\t<div class=\"elementor-widget-container\">\n\t\t\t\t\t<h2 class=\"elementor-heading-title elementor-size-default\"><a href=\"\/20-ans\/pommes\/\">Au fil des pommes<\/a><\/h2>\t\t\t\t<\/div>\n\t\t\t\t<\/div>\n\t\t\t\t<div class=\"elementor-element elementor-element-f5afb74 elementor-view-default elementor-widget elementor-widget-icon\" data-id=\"f5afb74\" data-element_type=\"widget\" data-e-type=\"widget\" data-widget_type=\"icon.default\">\n\t\t\t\t<div class=\"elementor-widget-container\">\n\t\t\t\t\t\t\t<div class=\"elementor-icon-wrapper\">\n\t\t\t<a class=\"elementor-icon\" href=\"\/fr\/20-ans\/pommes\/place-08\">\n\t\t\t<svg xmlns=\"http:\/\/www.w3.org\/2000\/svg\" viewBox=\"0 0 448 512\"><path d=\"M438.6 278.6c12.5-12.5 12.5-32.8 0-45.3l-160-160c-12.5-12.5-32.8-12.5-45.3 0s-12.5 32.8 0 45.3L338.8 224 32 224c-17.7 0-32 14.3-32 32s14.3 32 32 32l306.7 0L233.4 393.4c-12.5 12.5-12.5 32.8 0 45.3s32.8 12.5 45.3 0l160-160z\"><\/path><\/svg>\t\t\t<\/a>\n\t\t<\/div>\n\t\t\t\t\t\t<\/div>\n\t\t\t\t<\/div>\n\t\t\t\t<\/div>\n\t\t<div class=\"elementor-element elementor-element-3c536ec e-con-full e-flex e-con e-parent\" data-id=\"3c536ec\" data-element_type=\"container\" data-e-type=\"container\" data-settings=\"{&quot;background_background&quot;:&quot;classic&quot;}\">\n\t\t<div class=\"elementor-element elementor-element-c3d9413 e-con-full e-flex e-con e-child\" data-id=\"c3d9413\" data-element_type=\"container\" data-e-type=\"container\" data-settings=\"{&quot;background_background&quot;:&quot;classic&quot;}\">\n\t\t\t\t<div class=\"elementor-element elementor-element-3fac04d elementor-widget elementor-widget-heading\" data-id=\"3fac04d\" data-element_type=\"widget\" data-e-type=\"widget\" data-widget_type=\"heading.default\">\n\t\t\t\t<div class=\"elementor-widget-container\">\n\t\t\t\t\t<p class=\"elementor-heading-title elementor-size-default\">Ibis Styles Gen\u00e8ve Carouge<\/p>\t\t\t\t<\/div>\n\t\t\t\t<\/div>\n\t\t\t\t<div class=\"elementor-element elementor-element-13db99e elementor-icon-list--layout-traditional elementor-list-item-link-full_width elementor-widget elementor-widget-icon-list\" data-id=\"13db99e\" data-element_type=\"widget\" data-e-type=\"widget\" data-widget_type=\"icon-list.default\">\n\t\t\t\t<div class=\"elementor-widget-container\">\n\t\t\t\t\t\t\t<ul class=\"elementor-icon-list-items\">\n\t\t\t\t\t\t\t<li class=\"elementor-icon-list-item\">\n\t\t\t\t\t\t\t\t\t\t\t<span class=\"elementor-icon-list-icon\">\n\t\t\t\t\t\t\t<svg xmlns=\"http:\/\/www.w3.org\/2000\/svg\" id=\"Layer_2\" width=\"96.25\" height=\"128\" viewBox=\"0 0 96.25 128\"><g id=\"Layer_1-2\"><path d=\"M54.06,125.12c12.86-16.09,42.18-55.09,42.18-77C96.25,21.56,74.69,0,48.12,0S0,21.56,0,48.12c0,21.91,29.33,60.91,42.18,77,3.08,3.83,8.8,3.83,11.88,0h0ZM48.12,32.08c8.86,0,16.04,7.18,16.04,16.04s-7.18,16.04-16.04,16.04-16.04-7.18-16.04-16.04,7.18-16.04,16.04-16.04Z\" fill=\"#7fa83f\"><\/path><\/g><\/svg>\t\t\t\t\t\t<\/span>\n\t\t\t\t\t\t\t\t\t\t<span class=\"elementor-icon-list-text\">Route De Saint Julien 3, 1227 Carouge<\/span>\n\t\t\t\t\t\t\t\t\t<\/li>\n\t\t\t\t\t\t\t\t<li class=\"elementor-icon-list-item\">\n\t\t\t\t\t\t\t\t\t\t\t<span class=\"elementor-icon-list-icon\">\n\t\t\t\t\t\t\t<svg xmlns=\"http:\/\/www.w3.org\/2000\/svg\" id=\"Layer_2\" width=\"112\" height=\"128\" viewBox=\"0 0 112 128\"><g id=\"Layer_1-2\"><path d=\"M56,64c17.67,0,32-14.33,32-32S73.67,0,56,0,24,14.33,24,32s14.33,32,32,32ZM44.58,76C19.95,76,0,95.95,0,120.57c0,4.1,3.33,7.43,7.43,7.43h97.15c4.1,0,7.43-3.32,7.43-7.43,0-24.62-19.95-44.57-44.58-44.57h-22.85Z\" fill=\"#7fa83f\"><\/path><\/g><\/svg>\t\t\t\t\t\t<\/span>\n\t\t\t\t\t\t\t\t\t\t<span class=\"elementor-icon-list-text\">Eric Buche<\/span>\n\t\t\t\t\t\t\t\t\t<\/li>\n\t\t\t\t\t\t\t\t<li class=\"elementor-icon-list-item\">\n\t\t\t\t\t\t\t\t\t\t\t<span class=\"elementor-icon-list-icon\">\n\t\t\t\t\t\t\t<svg xmlns=\"http:\/\/www.w3.org\/2000\/svg\" id=\"Layer_2\" width=\"112.02\" height=\"128\" viewBox=\"0 0 112.02 128\"><g id=\"Layer_1-2\"><path d=\"M56,28c-2.2,0-4-1.8-4-4v-4c0-11.05,8.95-20,20-20h4c2.2,0,4,1.8,4,4v4c0,11.05-8.95,20-20,20h-4ZM0,72c0-19.08,8.93-40,28-40,6.83,0,14.92,2.58,20.67,4.83,4.7,1.83,9.98,1.83,14.67,0,5.72-2.22,13.85-4.83,20.67-4.83,19.07,0,28,20.92,28,40,0,32-20,56-40,56-4.12,0-9.53-1.65-12.88-2.82-2.03-.7-4.22-.7-6.25,0-3.35,1.18-8.75,2.82-12.88,2.82C20,128,0,104,0,72Z\" fill=\"#7fa83f\"><\/path><\/g><\/svg>\t\t\t\t\t\t<\/span>\n\t\t\t\t\t\t\t\t\t\t<span class=\"elementor-icon-list-text\">Le partage originel<\/span>\n\t\t\t\t\t\t\t\t\t<\/li>\n\t\t\t\t\t\t<\/ul>\n\t\t\t\t\t\t<\/div>\n\t\t\t\t<\/div>\n\t\t\t\t<\/div>\n\t\t\t\t<\/div>\n\t\t<div class=\"elementor-element elementor-element-8c7d385 e-flex e-con-boxed e-con e-parent\" data-id=\"8c7d385\" data-element_type=\"container\" data-e-type=\"container\" data-settings=\"{&quot;background_background&quot;:&quot;classic&quot;}\">\n\t\t\t\t\t<div class=\"e-con-inner\">\n\t\t\t\t<div class=\"elementor-element elementor-element-5dddae0 elementor-widget elementor-widget-heading\" data-id=\"5dddae0\" data-element_type=\"widget\" data-e-type=\"widget\" data-widget_type=\"heading.default\">\n\t\t\t\t<div class=\"elementor-widget-container\">\n\t\t\t\t\t<h3 class=\"elementor-heading-title elementor-size-default\">Eric Buche<\/h3>\t\t\t\t<\/div>\n\t\t\t\t<\/div>\n\t\t\t\t<div class=\"elementor-element elementor-element-3adac1d elementor-widget elementor-widget-text-editor\" data-id=\"3adac1d\" data-element_type=\"widget\" data-e-type=\"widget\" data-widget_type=\"text-editor.default\">\n\t\t\t\t<div class=\"elementor-widget-container\">\n\t\t\t\t\t\t\t\t\t<p>Eric Buche est un auteur et illustrateur de bande dessin\u00e9e suisse. Il publie ses premi\u00e8res BD d\u00e8s 18 ans et sort son premier album, Carapaces, en 1985. Dipl\u00f4m\u00e9 de l\u2019\u00c9cole des beaux-arts de Gen\u00e8ve, il collabore avec plusieurs magazines et maisons d\u2019\u00e9dition, notamment Les Humano\u00efdes Associ\u00e9s et Dargaud.<\/p>\t\t\t\t\t\t\t\t<\/div>\n\t\t\t\t<\/div>\n\t\t\t\t<div class=\"elementor-element elementor-element-f0b09d5 elementor-shape-circle elementor-grid-0 e-grid-align-center elementor-widget elementor-widget-social-icons\" data-id=\"f0b09d5\" data-element_type=\"widget\" data-e-type=\"widget\" data-widget_type=\"social-icons.default\">\n\t\t\t\t<div class=\"elementor-widget-container\">\n\t\t\t\t\t\t\t<div class=\"elementor-social-icons-wrapper elementor-grid\" role=\"list\">\n\t\t\t\t\t\t\t<span class=\"elementor-grid-item\" role=\"listitem\">\n\t\t\t\t\t<a class=\"elementor-icon elementor-social-icon elementor-social-icon-facebook elementor-repeater-item-64b9a9e\" href=\"https:\/\/fr-fr.facebook.com\/people\/Eric-Buche\" target=\"_blank\">\n\t\t\t\t\t\t<span class=\"elementor-screen-only\">Facebook<\/span>\n\t\t\t\t\t\t<i aria-hidden=\"true\" class=\"fab fa-facebook\"><\/i>\t\t\t\t\t<\/a>\n\t\t\t\t<\/span>\n\t\t\t\t\t\t\t<span class=\"elementor-grid-item\" role=\"listitem\">\n\t\t\t\t\t<a class=\"elementor-icon elementor-social-icon elementor-social-icon-instagram elementor-repeater-item-2a26de9\" href=\"https:\/\/www.instagram.com\/eric.buche\/\" target=\"_blank\">\n\t\t\t\t\t\t<span class=\"elementor-screen-only\">Instagram<\/span>\n\t\t\t\t\t\t<i aria-hidden=\"true\" class=\"fab fa-instagram\"><\/i>\t\t\t\t\t<\/a>\n\t\t\t\t<\/span>\n\t\t\t\t\t\t\t<span class=\"elementor-grid-item\" role=\"listitem\">\n\t\t\t\t\t<a class=\"elementor-icon elementor-social-icon elementor-social-icon-vimeo elementor-repeater-item-da2918c\" href=\"https:\/\/vimeo.com\/ericbuche\" target=\"_blank\">\n\t\t\t\t\t\t<span class=\"elementor-screen-only\">Vimeo<\/span>\n\t\t\t\t\t\t<i aria-hidden=\"true\" class=\"fab fa-vimeo\"><\/i>\t\t\t\t\t<\/a>\n\t\t\t\t<\/span>\n\t\t\t\t\t<\/div>\n\t\t\t\t\t\t<\/div>\n\t\t\t\t<\/div>\n\t\t\t\t\t<\/div>\n\t\t\t\t<\/div>\n\t\t<div class=\"elementor-element elementor-element-bd05cbe e-con-full e-flex e-con e-parent\" data-id=\"bd05cbe\" data-element_type=\"container\" data-e-type=\"container\">\n\t\t<div class=\"elementor-element elementor-element-0af7263 e-flex e-con-boxed e-con e-child\" data-id=\"0af7263\" data-element_type=\"container\" data-e-type=\"container\" data-settings=\"{&quot;background_background&quot;:&quot;classic&quot;}\">\n\t\t\t\t\t<div class=\"e-con-inner\">\n\t\t\t\t\t<\/div>\n\t\t\t\t<\/div>\n\t\t<div class=\"elementor-element elementor-element-4628bde e-flex e-con-boxed e-con e-child\" data-id=\"4628bde\" data-element_type=\"container\" data-e-type=\"container\" data-settings=\"{&quot;background_background&quot;:&quot;classic&quot;}\">\n\t\t\t\t\t<div class=\"e-con-inner\">\n\t\t<div class=\"elementor-element elementor-element-3c10fae e-con-full e-flex e-con e-child\" data-id=\"3c10fae\" data-element_type=\"container\" data-e-type=\"container\">\n\t\t\t\t<div class=\"elementor-element elementor-element-b992ad8 elementor-widget elementor-widget-heading\" data-id=\"b992ad8\" data-element_type=\"widget\" data-e-type=\"widget\" data-widget_type=\"heading.default\">\n\t\t\t\t<div class=\"elementor-widget-container\">\n\t\t\t\t\t<h3 class=\"elementor-heading-title elementor-size-default\">Le partage originel<\/h3>\t\t\t\t<\/div>\n\t\t\t\t<\/div>\n\t\t\t\t<div class=\"elementor-element elementor-element-c7cbf28 elementor-widget elementor-widget-text-editor\" data-id=\"c7cbf28\" data-element_type=\"widget\" data-e-type=\"widget\" data-widget_type=\"text-editor.default\">\n\t\t\t\t<div class=\"elementor-widget-container\">\n\t\t\t\t\t\t\t\t\t<p>Selon la Gen\u00e8se, Dieu avait plac\u00e9 Adam dans le jardin d&#8217;Eden, o\u00f9 il pouvait manger tous les fruits, \u00e0 l&#8217;exception de celui de l&#8217;arbre de la connaissance. Vous connaissez la suite : Adam, accompagn\u00e9 d&#8217;Eve et le serpent, y ont go\u00fbt\u00e9 quand m\u00eame et ont \u00e9t\u00e9 punis et jet\u00e9s hors d&#8217;un lieu qui leur prodiguait tout \u00e0 foison !<\/p><p>Plut\u00f4t que de voir cette histoire sous l&#8217;angle de la tentation et de la d\u00e9sob\u00e9issance, j&#8217;aime \u00e0 penser qu&#8217;Eve et le serpent ont initi\u00e9 le premier geste de partage. Ce geste qui a \u00e9t\u00e9 bien utile \u00e0 l&#8217;humanit\u00e9 lorsque des temps plus durs sont arriv\u00e9s. Et arrivent encore\u2026<\/p><p style=\"text-align: center;\"><em>Eric Buche\u00a0<\/em><\/p>\t\t\t\t\t\t\t\t<\/div>\n\t\t\t\t<\/div>\n\t\t\t\t<\/div>\n\t\t\t\t\t<\/div>\n\t\t\t\t<\/div>\n\t\t\t\t<\/div>\n\t\t<div class=\"elementor-element elementor-element-f777e10 e-grid e-con-boxed e-con e-parent\" data-id=\"f777e10\" data-element_type=\"container\" data-e-type=\"container\" data-settings=\"{&quot;background_background&quot;:&quot;classic&quot;}\">\n\t\t\t\t\t<div class=\"e-con-inner\">\n\t\t\t\t<div class=\"elementor-element elementor-element-1e5787f elementor-widget elementor-widget-text-editor\" data-id=\"1e5787f\" data-element_type=\"widget\" data-e-type=\"widget\" data-widget_type=\"text-editor.default\">\n\t\t\t\t<div class=\"elementor-widget-container\">\n\t\t\t\t\t\t\t\t\t<p>L\u2019<strong>ibis Styles Gen\u00e8ve Carouge<\/strong> est un h\u00f4tel design au caract\u00e8re affirm\u00e9, enti\u00e8rement d\u00e9di\u00e9 \u00e0 l\u2019univers de la bande dessin\u00e9e. Il invite voyageurs et familles \u00e0 plonger dans un monde cr\u00e9atif, original et r\u00e9solument atypique. Haut en couleur, cet \u00e9tablissement propose une collection de chambres uniques, d\u00e9cor\u00e9es autour du th\u00e8me du r\u00eave par des illustrateurs et illustratrices de BD locaux.<\/p>\t\t\t\t\t\t\t\t<\/div>\n\t\t\t\t<\/div>\n\t\t\t\t<div class=\"elementor-element elementor-element-1f1fa3d elementor-shape-circle elementor-grid-0 e-grid-align-center elementor-widget elementor-widget-social-icons\" data-id=\"1f1fa3d\" data-element_type=\"widget\" data-e-type=\"widget\" data-widget_type=\"social-icons.default\">\n\t\t\t\t<div class=\"elementor-widget-container\">\n\t\t\t\t\t\t\t<div class=\"elementor-social-icons-wrapper elementor-grid\" role=\"list\">\n\t\t\t\t\t\t\t<span class=\"elementor-grid-item\" role=\"listitem\">\n\t\t\t\t\t<a class=\"elementor-icon elementor-social-icon elementor-social-icon-link elementor-repeater-item-90eb6f3\" href=\"https:\/\/all.accor.com\/hotel\/6863\/index.fr.shtml?_gl=1*1yu66nk*_ga*MTI5NTc3NzEwNi4xNzU0OTAyOTE2*_ga_SS2636QBDW*czE3NTQ5MDI5MTYkbzEkZzEkdDE3NTQ5MDI5MzIkajQ0JGwwJGgxOTE5MTM5NDAw*_fplc*U3dmMEpMbFpYTmE4dyUyQkhwalVNVyUyQnpaVnRZJTJGcHh5M3dWSEElMkZaeW9DeUVZSk1zVEc1TEcyY05YMW9HVUcxSmR2VDdyQ2JRTTdyJTJCJTJGQWdDY3l2WmhsVWg2clIzRE9sblV6WTRGYW5tcE53cjBqVHgzNnppUUlTeWJUUFAwZHp3JTNEJTNE*_ga_1H477PYKBJ*czE3NTQ5MDI5MjMkbzEkZzAkdDE3NTQ5MDI5MjMkajYwJGwwJGg4NjU4ODY3NzA.\" target=\"_blank\">\n\t\t\t\t\t\t<span class=\"elementor-screen-only\">Link<\/span>\n\t\t\t\t\t\t<i aria-hidden=\"true\" class=\"fas fa-link\"><\/i>\t\t\t\t\t<\/a>\n\t\t\t\t<\/span>\n\t\t\t\t\t\t\t<span class=\"elementor-grid-item\" role=\"listitem\">\n\t\t\t\t\t<a class=\"elementor-icon elementor-social-icon elementor-social-icon-facebook elementor-repeater-item-4c2ec53\" href=\"https:\/\/www.facebook.com\/ibisStylesGeneveCarouge\" target=\"_blank\">\n\t\t\t\t\t\t<span class=\"elementor-screen-only\">Facebook<\/span>\n\t\t\t\t\t\t<i aria-hidden=\"true\" class=\"fab fa-facebook\"><\/i>\t\t\t\t\t<\/a>\n\t\t\t\t<\/span>\n\t\t\t\t\t\t\t<span class=\"elementor-grid-item\" role=\"listitem\">\n\t\t\t\t\t<a class=\"elementor-icon elementor-social-icon elementor-social-icon-instagram elementor-repeater-item-9f67ed2\" href=\"https:\/\/www.instagram.com\/ibis_styles_geneve_carouge\/\" target=\"_blank\">\n\t\t\t\t\t\t<span class=\"elementor-screen-only\">Instagram<\/span>\n\t\t\t\t\t\t<i aria-hidden=\"true\" class=\"fab fa-instagram\"><\/i>\t\t\t\t\t<\/a>\n\t\t\t\t<\/span>\n\t\t\t\t\t<\/div>\n\t\t\t\t\t\t<\/div>\n\t\t\t\t<\/div>\n\t\t\t\t\t<\/div>\n\t\t\t\t<\/div>\n\t\t<div class=\"elementor-element elementor-element-b6abdbc e-flex e-con-boxed e-con e-parent\" data-id=\"b6abdbc\" data-element_type=\"container\" data-e-type=\"container\" data-settings=\"{&quot;background_background&quot;:&quot;classic&quot;}\">\n\t\t\t\t\t<div class=\"e-con-inner\">\n\t\t\t\t<div class=\"elementor-element elementor-element-a93b1cf elementor-widget elementor-widget-heading\" data-id=\"a93b1cf\" data-element_type=\"widget\" data-e-type=\"widget\" data-widget_type=\"heading.default\">\n\t\t\t\t<div class=\"elementor-widget-container\">\n\t\t\t\t\t<h2 class=\"elementor-heading-title elementor-size-default\">20 ans au service des personnes en difficult\u00e9<\/h2>\t\t\t\t<\/div>\n\t\t\t\t<\/div>\n\t\t\t\t<div class=\"elementor-element elementor-element-74ffecd elementor-shape-circle elementor-grid-0 e-grid-align-center elementor-widget elementor-widget-social-icons\" data-id=\"74ffecd\" data-element_type=\"widget\" data-e-type=\"widget\" data-widget_type=\"social-icons.default\">\n\t\t\t\t<div class=\"elementor-widget-container\">\n\t\t\t\t\t\t\t<div class=\"elementor-social-icons-wrapper elementor-grid\" role=\"list\">\n\t\t\t\t\t\t\t<span class=\"elementor-grid-item\" role=\"listitem\">\n\t\t\t\t\t<a class=\"elementor-icon elementor-social-icon elementor-social-icon-facebook elementor-repeater-item-5bb4a80\" href=\"https:\/\/www.facebook.com\/centrale.partage\" target=\"_blank\">\n\t\t\t\t\t\t<span class=\"elementor-screen-only\">Facebook<\/span>\n\t\t\t\t\t\t<i aria-hidden=\"true\" class=\"fab fa-facebook\"><\/i>\t\t\t\t\t<\/a>\n\t\t\t\t<\/span>\n\t\t\t\t\t\t\t<span class=\"elementor-grid-item\" role=\"listitem\">\n\t\t\t\t\t<a class=\"elementor-icon elementor-social-icon elementor-social-icon-instagram elementor-repeater-item-9b899f9\" href=\"https:\/\/www.instagram.com\/partage.geneve\/\" target=\"_blank\">\n\t\t\t\t\t\t<span class=\"elementor-screen-only\">Instagram<\/span>\n\t\t\t\t\t\t<i aria-hidden=\"true\" class=\"fab fa-instagram\"><\/i>\t\t\t\t\t<\/a>\n\t\t\t\t<\/span>\n\t\t\t\t\t\t\t<span class=\"elementor-grid-item\" role=\"listitem\">\n\t\t\t\t\t<a class=\"elementor-icon elementor-social-icon elementor-social-icon-linkedin elementor-repeater-item-9e9db8b\" href=\"https:\/\/ch.linkedin.com\/company\/fondation-partage\" target=\"_blank\">\n\t\t\t\t\t\t<span class=\"elementor-screen-only\">Linkedin<\/span>\n\t\t\t\t\t\t<i aria-hidden=\"true\" class=\"fab fa-linkedin\"><\/i>\t\t\t\t\t<\/a>\n\t\t\t\t<\/span>\n\t\t\t\t\t\t\t<span class=\"elementor-grid-item\" role=\"listitem\">\n\t\t\t\t\t<a class=\"elementor-icon elementor-social-icon elementor-social-icon-youtube elementor-repeater-item-08ce479\" href=\"https:\/\/www.youtube.com\/user\/PartageG\" target=\"_blank\">\n\t\t\t\t\t\t<span class=\"elementor-screen-only\">Youtube<\/span>\n\t\t\t\t\t\t<i aria-hidden=\"true\" class=\"fab fa-youtube\"><\/i>\t\t\t\t\t<\/a>\n\t\t\t\t<\/span>\n\t\t\t\t\t<\/div>\n\t\t\t\t\t\t<\/div>\n\t\t\t\t<\/div>\n\t\t\t\t\t<\/div>\n\t\t\t\t<\/div>\n\t\t\t\t<\/div>\n\t\t","protected":false},"excerpt":{"rendered":"<p>Accueil T\u00e9moignages Partage en images Au fil des pommes Ibis Styles Gen\u00e8ve Carouge Route De Saint Julien 3, 1227 Carouge Eric Buche Le partage originel Eric Buche Eric Buche est un auteur et illustrateur de bande dessin\u00e9e suisse. Il publie ses premi\u00e8res BD d\u00e8s 18 ans et sort son premier album, Carapaces, en 1985. Dipl\u00f4m\u00e9 [&hellip;]<\/p>\n","protected":false},"author":6,"featured_media":0,"parent":57153,"menu_order":0,"comment_status":"closed","ping_status":"closed","template":"elementor_canvas","meta":{"site-sidebar-layout":"default","site-content-layout":"","ast-site-content-layout":"default","site-content-style":"default","site-sidebar-style":"default","ast-global-header-display":"","ast-banner-title-visibility":"","ast-main-header-display":"","ast-hfb-above-header-display":"","ast-hfb-below-header-display":"","ast-hfb-mobile-header-display":"","site-post-title":"","ast-breadcrumbs-content":"","ast-featured-img":"","footer-sml-layout":"","theme-transparent-header-meta":"","adv-header-id-meta":"","stick-header-meta":"","header-above-stick-meta":"","header-main-stick-meta":"","header-below-stick-meta":"","astra-migrate-meta-layouts":"set","ast-page-background-enabled":"default","ast-page-background-meta":{"desktop":{"background-color":"","background-image":"","background-repeat":"repeat","background-position":"center center","background-size":"auto","background-attachment":"scroll","background-type":"","background-media":"","overlay-type":"","overlay-color":"","overlay-opacity":"","overlay-gradient":""},"tablet":{"background-color":"","background-image":"","background-repeat":"repeat","background-position":"center center","background-size":"auto","background-attachment":"scroll","background-type":"","background-media":"","overlay-type":"","overlay-color":"","overlay-opacity":"","overlay-gradient":""},"mobile":{"background-color":"","background-image":"","background-repeat":"repeat","background-position":"center center","background-size":"auto","background-attachment":"scroll","background-type":"","background-media":"","overlay-type":"","overlay-color":"","overlay-opacity":"","overlay-gradient":""}},"ast-content-background-meta":{"desktop":{"background-color":"var(--ast-global-color-5)","background-image":"","background-repeat":"repeat","background-position":"center center","background-size":"auto","background-attachment":"scroll","background-type":"","background-media":"","overlay-type":"","overlay-color":"","overlay-opacity":"","overlay-gradient":""},"tablet":{"background-color":"var(--ast-global-color-5)","background-image":"","background-repeat":"repeat","background-position":"center center","background-size":"auto","background-attachment":"scroll","background-type":"","background-media":"","overlay-type":"","overlay-color":"","overlay-opacity":"","overlay-gradient":""},"mobile":{"background-color":"var(--ast-global-color-5)","background-image":"","background-repeat":"repeat","background-position":"center center","background-size":"auto","background-attachment":"scroll","background-type":"","background-media":"","overlay-type":"","overlay-color":"","overlay-opacity":"","overlay-gradient":""}},"footnotes":""},"class_list":["post-57652","page","type-page","status-publish","hentry"],"_links":{"self":[{"href":"https:\/\/www.partage.ch\/fr\/wp-json\/wp\/v2\/pages\/57652","targetHints":{"allow":["GET"]}}],"collection":[{"href":"https:\/\/www.partage.ch\/fr\/wp-json\/wp\/v2\/pages"}],"about":[{"href":"https:\/\/www.partage.ch\/fr\/wp-json\/wp\/v2\/types\/page"}],"author":[{"embeddable":true,"href":"https:\/\/www.partage.ch\/fr\/wp-json\/wp\/v2\/users\/6"}],"replies":[{"embeddable":true,"href":"https:\/\/www.partage.ch\/fr\/wp-json\/wp\/v2\/comments?post=57652"}],"version-history":[{"count":28,"href":"https:\/\/www.partage.ch\/fr\/wp-json\/wp\/v2\/pages\/57652\/revisions"}],"predecessor-version":[{"id":58945,"href":"https:\/\/www.partage.ch\/fr\/wp-json\/wp\/v2\/pages\/57652\/revisions\/58945"}],"up":[{"embeddable":true,"href":"https:\/\/www.partage.ch\/fr\/wp-json\/wp\/v2\/pages\/57153"}],"wp:attachment":[{"href":"https:\/\/www.partage.ch\/fr\/wp-json\/wp\/v2\/media?parent=57652"}],"curies":[{"name":"wp","href":"https:\/\/api.w.org\/{rel}","templated":true}]}}