{"id":57536,"date":"2025-06-19T00:00:00","date_gmt":"2025-06-18T22:00:00","guid":{"rendered":"https:\/\/www.partage.ch\/?page_id=57536"},"modified":"2025-10-20T10:07:57","modified_gmt":"2025-10-20T08:07:57","slug":"portrait-camille-oliva-drh-du-geneva-marriott-hotel","status":"publish","type":"page","link":"https:\/\/www.partage.ch\/fr\/portrait-camille-oliva-drh-du-geneva-marriott-hotel\/","title":{"rendered":"Portrait\u00a0: Camille Oliva, DRH du Geneva Marriott Hotel"},"content":{"rendered":"\t\t<div data-elementor-type=\"wp-page\" data-elementor-id=\"57536\" class=\"elementor elementor-57536\" data-elementor-post-type=\"page\">\n\t\t\t\t<div class=\"elementor-element elementor-element-102363d e-flex e-con-boxed e-con e-parent\" data-id=\"102363d\" data-element_type=\"container\" data-e-type=\"container\">\n\t\t\t\t\t<div class=\"e-con-inner\">\n\t\t\t\t<div class=\"elementor-element elementor-element-db579d3 elementor-widget elementor-widget-image\" data-id=\"db579d3\" data-element_type=\"widget\" data-e-type=\"widget\" data-widget_type=\"image.default\">\n\t\t\t\t<div class=\"elementor-widget-container\">\n\t\t\t\t\t\t\t\t\t\t\t\t\t\t\t<img fetchpriority=\"high\" decoding=\"async\" width=\"768\" height=\"509\" src=\"https:\/\/www.partage.ch\/wp-content\/uploads\/Photo_Equipe_Geneva_Marriott_Hotel_p4-768x509.jpg\" class=\"attachment-medium_large size-medium_large wp-image-57537\" alt=\"\" srcset=\"https:\/\/www.partage.ch\/wp-content\/uploads\/Photo_Equipe_Geneva_Marriott_Hotel_p4-768x509.jpg 768w, https:\/\/www.partage.ch\/wp-content\/uploads\/Photo_Equipe_Geneva_Marriott_Hotel_p4-300x199.jpg 300w, https:\/\/www.partage.ch\/wp-content\/uploads\/Photo_Equipe_Geneva_Marriott_Hotel_p4-1024x679.jpg 1024w, https:\/\/www.partage.ch\/wp-content\/uploads\/Photo_Equipe_Geneva_Marriott_Hotel_p4-1536x1018.jpg 1536w, https:\/\/www.partage.ch\/wp-content\/uploads\/Photo_Equipe_Geneva_Marriott_Hotel_p4-2048x1357.jpg 2048w\" sizes=\"(max-width: 768px) 100vw, 768px\" \/>\t\t\t\t\t\t\t\t\t\t\t\t\t\t\t<\/div>\n\t\t\t\t<\/div>\n\t\t\t\t<div class=\"elementor-element elementor-element-bdfdcd8 elementor-widget elementor-widget-text-editor\" data-id=\"bdfdcd8\" data-element_type=\"widget\" data-e-type=\"widget\" data-widget_type=\"text-editor.default\">\n\t\t\t\t<div class=\"elementor-widget-container\">\n\t\t\t\t\t\t\t\t\t<p><strong>Portrait\u00a0: Camille Oliva, DRH du Geneva Marriott Hotel<\/strong><\/p><p><strong>Peux-tu nous pr\u00e9senter ton entreprise ?<\/strong><\/p><p>Situ\u00e9 \u00e0 proximit\u00e9 du centre-ville et de l\u2019a\u00e9roport, le Geneva Marriott Hotel incarne une nouvelle vision de l\u2019h\u00f4tellerie faisant \u00e9cho \u00e0 l&#8217;esprit entrepreneurial de la r\u00e9gion et \u00e0 la passion de l&#8217;innovation. Le Geneva Marriott Hotel r\u00e9pond aux besoins des voyageurs d\u2019affaires comme de loisirs. Soucieuse de r\u00e9duire l&#8217;impact environnemental, l&#8217;\u00e9quipe se consacre \u00e0 une approche \u00ab glocale \u00bb, \u00e0 savoir \u00ab penser global, agir local \u00bb.<\/p><p><strong>Quel est votre lien avec Partage ?<\/strong><\/p><p>Dans le cadre de son engagement \u00e9coresponsable, le Geneva Marriott Hotel collabore \u00e9troitement avec la Fondation Partage via les collectes des \u00ab Samedi du Partage \u00bb, du b\u00e9n\u00e9volat en entrep\u00f4t et la mise en valeur de produits locaux comme les pommes s\u00e9ch\u00e9es offertes aux clients. Ce partenariat a aussi \u00e9t\u00e9 mis en avant lors d&#8217;une campagne d\u2019affichage \u00e0 Gen\u00e8ve, soulignant l&#8217;implication du personnel.<\/p><p><strong>Pourrais-tu partager une ou deux exp\u00e9riences marquantes v\u00e9cues dans ce cadre ?<\/strong><\/p><p>C\u2019est toujours inspirant de voir l\u2019enthousiasme de nos \u00e9quipes et la g\u00e9n\u00e9rosit\u00e9 des Genevois lors des actions men\u00e9es avec la Fondation Partage. Je suis fi\u00e8re de l\u2019implication d nos \u00e9quipes, notamment lors du tri des dons \u00e0 l\u2019entrep\u00f4t \u2013 une exp\u00e9rience \u00e9mouvante face \u00e0 l\u2019ampleur des besoins. Ces moments nous rappellent combien la solidarit\u00e9 est essentielle, et que chacun peut faire une diff\u00e9rence.<\/p>\t\t\t\t\t\t\t\t<\/div>\n\t\t\t\t<\/div>\n\t\t\t\t\t<\/div>\n\t\t\t\t<\/div>\n\t\t\t\t<\/div>\n\t\t","protected":false},"excerpt":{"rendered":"<p>Portrait\u00a0: Camille Oliva, DRH du Geneva Marriott Hotel Peux-tu nous pr\u00e9senter ton entreprise ? Situ\u00e9 \u00e0 proximit\u00e9 du centre-ville et de l\u2019a\u00e9roport, le Geneva Marriott Hotel incarne une nouvelle vision de l\u2019h\u00f4tellerie faisant \u00e9cho \u00e0 l&#8217;esprit entrepreneurial de la r\u00e9gion et \u00e0 la passion de l&#8217;innovation. Le Geneva Marriott Hotel r\u00e9pond aux besoins des voyageurs [&hellip;]<\/p>\n","protected":false},"author":3,"featured_media":57537,"parent":0,"menu_order":0,"comment_status":"closed","ping_status":"closed","template":"","meta":{"site-sidebar-layout":"no-sidebar","site-content-layout":"page-builder","ast-site-content-layout":"full-width-container","site-content-style":"default","site-sidebar-style":"default","ast-global-header-display":"","ast-banner-title-visibility":"","ast-main-header-display":"","ast-hfb-above-header-display":"","ast-hfb-below-header-display":"","ast-hfb-mobile-header-display":"","site-post-title":"disabled","ast-breadcrumbs-content":"","ast-featured-img":"disabled","footer-sml-layout":"","theme-transparent-header-meta":"","adv-header-id-meta":"","stick-header-meta":"","header-above-stick-meta":"","header-main-stick-meta":"","header-below-stick-meta":"","astra-migrate-meta-layouts":"set","ast-page-background-enabled":"default","ast-page-background-meta":{"desktop":{"background-color":"","background-image":"","background-repeat":"repeat","background-position":"center center","background-size":"auto","background-attachment":"scroll","background-type":"","background-media":"","overlay-type":"","overlay-color":"","overlay-opacity":"","overlay-gradient":""},"tablet":{"background-color":"","background-image":"","background-repeat":"repeat","background-position":"center center","background-size":"auto","background-attachment":"scroll","background-type":"","background-media":"","overlay-type":"","overlay-color":"","overlay-opacity":"","overlay-gradient":""},"mobile":{"background-color":"","background-image":"","background-repeat":"repeat","background-position":"center center","background-size":"auto","background-attachment":"scroll","background-type":"","background-media":"","overlay-type":"","overlay-color":"","overlay-opacity":"","overlay-gradient":""}},"ast-content-background-meta":{"desktop":{"background-color":"var(--ast-global-color-5)","background-image":"","background-repeat":"repeat","background-position":"center center","background-size":"auto","background-attachment":"scroll","background-type":"","background-media":"","overlay-type":"","overlay-color":"","overlay-opacity":"","overlay-gradient":""},"tablet":{"background-color":"var(--ast-global-color-5)","background-image":"","background-repeat":"repeat","background-position":"center center","background-size":"auto","background-attachment":"scroll","background-type":"","background-media":"","overlay-type":"","overlay-color":"","overlay-opacity":"","overlay-gradient":""},"mobile":{"background-color":"var(--ast-global-color-5)","background-image":"","background-repeat":"repeat","background-position":"center center","background-size":"auto","background-attachment":"scroll","background-type":"","background-media":"","overlay-type":"","overlay-color":"","overlay-opacity":"","overlay-gradient":""}},"footnotes":""},"class_list":["post-57536","page","type-page","status-publish","has-post-thumbnail","hentry"],"_links":{"self":[{"href":"https:\/\/www.partage.ch\/fr\/wp-json\/wp\/v2\/pages\/57536","targetHints":{"allow":["GET"]}}],"collection":[{"href":"https:\/\/www.partage.ch\/fr\/wp-json\/wp\/v2\/pages"}],"about":[{"href":"https:\/\/www.partage.ch\/fr\/wp-json\/wp\/v2\/types\/page"}],"author":[{"embeddable":true,"href":"https:\/\/www.partage.ch\/fr\/wp-json\/wp\/v2\/users\/3"}],"replies":[{"embeddable":true,"href":"https:\/\/www.partage.ch\/fr\/wp-json\/wp\/v2\/comments?post=57536"}],"version-history":[{"count":8,"href":"https:\/\/www.partage.ch\/fr\/wp-json\/wp\/v2\/pages\/57536\/revisions"}],"predecessor-version":[{"id":57807,"href":"https:\/\/www.partage.ch\/fr\/wp-json\/wp\/v2\/pages\/57536\/revisions\/57807"}],"wp:featuredmedia":[{"embeddable":true,"href":"https:\/\/www.partage.ch\/fr\/wp-json\/wp\/v2\/media\/57537"}],"wp:attachment":[{"href":"https:\/\/www.partage.ch\/fr\/wp-json\/wp\/v2\/media?parent=57536"}],"curies":[{"name":"wp","href":"https:\/\/api.w.org\/{rel}","templated":true}]}}