{"id":56721,"date":"2025-03-30T10:38:56","date_gmt":"2025-03-30T08:38:56","guid":{"rendered":"https:\/\/www.partage.ch\/?page_id=56721"},"modified":"2025-04-30T13:45:05","modified_gmt":"2025-04-30T11:45:05","slug":"gala-cgv","status":"publish","type":"page","link":"https:\/\/www.partage.ch\/fr\/20-ans\/gala-cgv\/","title":{"rendered":"Gala &#8211; CGV"},"content":{"rendered":"\t\t<div data-elementor-type=\"wp-page\" data-elementor-id=\"56721\" class=\"elementor elementor-56721\" data-elementor-post-type=\"page\">\n\t\t\t\t<div class=\"elementor-element elementor-element-c754024 e-flex e-con-boxed e-con e-parent\" data-id=\"c754024\" data-element_type=\"container\" data-e-type=\"container\">\n\t\t\t\t\t<div class=\"e-con-inner\">\n\t\t<div class=\"elementor-element elementor-element-66f346e e-con-full e-flex e-con e-child\" data-id=\"66f346e\" data-element_type=\"container\" data-e-type=\"container\">\n\t\t\t\t<\/div>\n\t\t<div class=\"elementor-element elementor-element-095e7f5 e-con-full e-flex e-con e-child\" data-id=\"095e7f5\" data-element_type=\"container\" data-e-type=\"container\">\n\t\t\t\t<div class=\"elementor-element elementor-element-74a25e3 elementor-widget elementor-widget-image\" data-id=\"74a25e3\" data-element_type=\"widget\" data-e-type=\"widget\" data-widget_type=\"image.default\">\n\t\t\t\t<div class=\"elementor-widget-container\">\n\t\t\t\t\t\t\t\t\t\t\t\t\t\t\t\t<a href=\"\/fr\/20-ans\/\">\n\t\t\t\t\t\t\t<img fetchpriority=\"high\" decoding=\"async\" width=\"294\" height=\"182\" src=\"https:\/\/www.partage.ch\/wp-content\/uploads\/logo-partage-20ans.svg\" class=\"attachment-large size-large wp-image-56193\" alt=\"\" \/>\t\t\t\t\t\t\t\t<\/a>\n\t\t\t\t\t\t\t\t\t\t\t\t\t\t\t<\/div>\n\t\t\t\t<\/div>\n\t\t\t\t<\/div>\n\t\t<div class=\"elementor-element elementor-element-75418e1 e-con-full e-flex e-con e-child\" data-id=\"75418e1\" data-element_type=\"container\" data-e-type=\"container\">\n\t\t\t\t<div class=\"elementor-element elementor-element-1819523 elementor-widget elementor-widget-heading\" data-id=\"1819523\" data-element_type=\"widget\" data-e-type=\"widget\" data-widget_type=\"heading.default\">\n\t\t\t\t<div class=\"elementor-widget-container\">\n\t\t\t\t\t<h4 class=\"elementor-heading-title elementor-size-default\"><a href=\"https:\/\/www.partage.ch\/fr\/20-ans\/galerie\/\">Galerie photo<\/a><\/h4>\t\t\t\t<\/div>\n\t\t\t\t<\/div>\n\t\t\t\t<\/div>\n\t\t\t\t\t<\/div>\n\t\t\t\t<\/div>\n\t\t<div class=\"elementor-element elementor-element-10c2d75 e-flex e-con-boxed e-con e-parent\" data-id=\"10c2d75\" data-element_type=\"container\" data-e-type=\"container\" data-settings=\"{&quot;background_background&quot;:&quot;classic&quot;}\">\n\t\t\t\t\t<div class=\"e-con-inner\">\n\t\t\t\t<div class=\"elementor-element elementor-element-967d058 elementor-widget elementor-widget-heading\" data-id=\"967d058\" data-element_type=\"widget\" data-e-type=\"widget\" data-widget_type=\"heading.default\">\n\t\t\t\t<div class=\"elementor-widget-container\">\n\t\t\t\t\t<h2 class=\"elementor-heading-title elementor-size-default\">Soir\u00e9e caritative<br>20 ans au service de la communaut\u00e9 genevoise<\/h2>\t\t\t\t<\/div>\n\t\t\t\t<\/div>\n\t\t\t\t\t<\/div>\n\t\t\t\t<\/div>\n\t\t<div class=\"elementor-element elementor-element-554ff30 e-flex e-con-boxed e-con e-parent\" data-id=\"554ff30\" data-element_type=\"container\" data-e-type=\"container\">\n\t\t\t\t\t<div class=\"e-con-inner\">\n\t\t\t\t<div class=\"elementor-element elementor-element-0876618 elementor-widget elementor-widget-heading\" data-id=\"0876618\" data-element_type=\"widget\" data-e-type=\"widget\" data-widget_type=\"heading.default\">\n\t\t\t\t<div class=\"elementor-widget-container\">\n\t\t\t\t\t<h2 class=\"elementor-heading-title elementor-size-default\">Soir\u00e9e des 20 ans<\/h2>\t\t\t\t<\/div>\n\t\t\t\t<\/div>\n\t\t\t\t<div class=\"elementor-element elementor-element-e7f4509 elementor-widget elementor-widget-heading\" data-id=\"e7f4509\" data-element_type=\"widget\" data-e-type=\"widget\" data-widget_type=\"heading.default\">\n\t\t\t\t<div class=\"elementor-widget-container\">\n\t\t\t\t\t<h1 class=\"elementor-heading-title elementor-size-default\">Conditions g\u00e9n\u00e9rales de vente<\/h1>\t\t\t\t<\/div>\n\t\t\t\t<\/div>\n\t\t\t\t<div class=\"elementor-element elementor-element-9be8405 elementor-widget elementor-widget-text-editor\" data-id=\"9be8405\" data-element_type=\"widget\" data-e-type=\"widget\" data-widget_type=\"text-editor.default\">\n\t\t\t\t<div class=\"elementor-widget-container\">\n\t\t\t\t\t\t\t\t\t<p>CONCLUSION DU CONTRAT ET RETRAIT DES BILLETS<\/p><p>En validant votre paiement, vous passez une commande ferme des billets. La confirmation de paiement fait office de r\u00e9servation des billets.<\/p><p>1.1 Avec la confirmation de paiement de votre commande, un contrat prend effet. Vous \u00eates tenu de fournir les informations n\u00e9cessaires de fa\u00e7on exhaustive et correcte lors de la proc\u00e9dure de commande.<\/p><p>1.2 Les billets seront \u00e0 retirer sur place le soir du spectacle.<\/p><p><strong>PRIX<\/strong><\/p><p>2.1 Les prix indiqu\u00e9s dans l\u2019offre au moment de la commande s\u2019appliquent. Les prix indiqu\u00e9s sont d\u00e9finitifs.<\/p><p><strong>PAIEMENT<\/strong><\/p><p>3.1 Nous offrons les modes de paiement suivants : cartes de cr\u00e9dits, Twint, Google pay ainsi que le paiement par virement bancaire.<\/p><p>3.2 En cas d\u2019achat au moyen d\u2019une carte de cr\u00e9dit, le compte de celle-ci est d\u00e9bit\u00e9 au moment de la commande.<\/p><p>3.3 En cas de paiement par BV-QR, celui-ci est envoy\u00e9e \u00e0 votre adresse par courrier postal. Si le paiement n\u2019est pas effectu\u00e9 dans les 10 jours suivant la commande, celle-ci est consid\u00e9r\u00e9e comme annul\u00e9e et les billets sont remis en vente. Les billets non pay\u00e9s le soir de la repr\u00e9sentation ne pourront \u00eatre retir\u00e9s.<\/p><p>3.4 Veuillez prendre en consid\u00e9ration que nous n\u2019acceptons des paiements que de comptes en Suisse et au sein de l\u2019Union europ\u00e9enne (UE). Vous supportez les \u00e9ventuels frais d\u2019une transaction en esp\u00e8ces.<\/p><p><strong>DROIT DE RESTITUTION<\/strong><\/p><p>4.1 Les billets command\u00e9s ne sont ni remboursables ni restituables.<\/p><p>4.2 Les billets sont transmissibles. Merci d\u2019en informer dans ce cas Partage par e-mail \u00e0 <a href=\"mailto:20ans@partage.ch\">20ans@partage.ch<\/a> et au num\u00e9ro de t\u00e9l\u00e9phone : 022 301 11 78<\/p><p><strong>QUESTIONS<\/strong><\/p><p>5.1 En cas de questions, veuillez nous contacter par e-mail \u00e0 <a href=\"mailto:20ans@partage.ch\">20ans@partage.ch<\/a> et au num\u00e9ro de t\u00e9l\u00e9phone : 022 301 11 78<\/p><p><strong>DROIT APPLICABLE ET TRIBUNAL COMPETENT<\/strong><\/p><p>6.1 Tous les actes juridiques ou autres rapports juridiques avec nous sont r\u00e9gis par le droit suisse. Pour les contrats pass\u00e9s dans un but ne pouvant pas \u00eatre inclus dans l\u2019activit\u00e9 professionnelle ou commerciale de l\u2019ayant droit (contrat avec des consommateurs), cette \u00e9lection de droit ne vaut que dans la mesure o\u00f9 la protection accord\u00e9e n\u2019est pas supprim\u00e9e par des dispositions imp\u00e9ratives du droit de l\u2019Etat dans lequel le consommateur r\u00e9side habituellement.<\/p><p>6.2 Pour les consommateurs, le tribunal comp\u00e9tent est celui de leur domicile suisse.<\/p>\t\t\t\t\t\t\t\t<\/div>\n\t\t\t\t<\/div>\n\t\t\t\t\t<\/div>\n\t\t\t\t<\/div>\n\t\t<div class=\"elementor-element elementor-element-0d384df e-flex e-con-boxed e-con e-parent\" data-id=\"0d384df\" data-element_type=\"container\" data-e-type=\"container\" data-settings=\"{&quot;background_background&quot;:&quot;classic&quot;}\">\n\t\t\t\t\t<div class=\"e-con-inner\">\n\t\t\t\t<div class=\"elementor-element elementor-element-87c5d3d elementor-widget elementor-widget-heading\" data-id=\"87c5d3d\" data-element_type=\"widget\" data-e-type=\"widget\" data-widget_type=\"heading.default\">\n\t\t\t\t<div class=\"elementor-widget-container\">\n\t\t\t\t\t<h2 class=\"elementor-heading-title elementor-size-default\">20 ans au service des personnes en difficult\u00e9<\/h2>\t\t\t\t<\/div>\n\t\t\t\t<\/div>\n\t\t\t\t<div class=\"elementor-element elementor-element-0e30e9b elementor-shape-circle elementor-grid-0 e-grid-align-center elementor-widget elementor-widget-social-icons\" data-id=\"0e30e9b\" data-element_type=\"widget\" data-e-type=\"widget\" data-widget_type=\"social-icons.default\">\n\t\t\t\t<div class=\"elementor-widget-container\">\n\t\t\t\t\t\t\t<div class=\"elementor-social-icons-wrapper elementor-grid\" role=\"list\">\n\t\t\t\t\t\t\t<span class=\"elementor-grid-item\" role=\"listitem\">\n\t\t\t\t\t<a class=\"elementor-icon elementor-social-icon elementor-social-icon-facebook elementor-repeater-item-5bb4a80\" href=\"https:\/\/www.facebook.com\/centrale.partage\" target=\"_blank\">\n\t\t\t\t\t\t<span class=\"elementor-screen-only\">Facebook<\/span>\n\t\t\t\t\t\t<i aria-hidden=\"true\" class=\"fab fa-facebook\"><\/i>\t\t\t\t\t<\/a>\n\t\t\t\t<\/span>\n\t\t\t\t\t\t\t<span class=\"elementor-grid-item\" role=\"listitem\">\n\t\t\t\t\t<a class=\"elementor-icon elementor-social-icon elementor-social-icon-instagram elementor-repeater-item-9b899f9\" href=\"https:\/\/www.instagram.com\/partage.geneve\/\" target=\"_blank\">\n\t\t\t\t\t\t<span class=\"elementor-screen-only\">Instagram<\/span>\n\t\t\t\t\t\t<i aria-hidden=\"true\" class=\"fab fa-instagram\"><\/i>\t\t\t\t\t<\/a>\n\t\t\t\t<\/span>\n\t\t\t\t\t\t\t<span class=\"elementor-grid-item\" role=\"listitem\">\n\t\t\t\t\t<a class=\"elementor-icon elementor-social-icon elementor-social-icon-linkedin elementor-repeater-item-9e9db8b\" href=\"https:\/\/ch.linkedin.com\/company\/fondation-partage\" target=\"_blank\">\n\t\t\t\t\t\t<span class=\"elementor-screen-only\">Linkedin<\/span>\n\t\t\t\t\t\t<i aria-hidden=\"true\" class=\"fab fa-linkedin\"><\/i>\t\t\t\t\t<\/a>\n\t\t\t\t<\/span>\n\t\t\t\t\t\t\t<span class=\"elementor-grid-item\" role=\"listitem\">\n\t\t\t\t\t<a class=\"elementor-icon elementor-social-icon elementor-social-icon-youtube elementor-repeater-item-08ce479\" href=\"https:\/\/www.youtube.com\/user\/PartageG\" target=\"_blank\">\n\t\t\t\t\t\t<span class=\"elementor-screen-only\">Youtube<\/span>\n\t\t\t\t\t\t<i aria-hidden=\"true\" class=\"fab fa-youtube\"><\/i>\t\t\t\t\t<\/a>\n\t\t\t\t<\/span>\n\t\t\t\t\t<\/div>\n\t\t\t\t\t\t<\/div>\n\t\t\t\t<\/div>\n\t\t\t\t\t<\/div>\n\t\t\t\t<\/div>\n\t\t\t\t<\/div>\n\t\t","protected":false},"excerpt":{"rendered":"<p>Galerie photo Soir\u00e9e caritative20 ans au service de la communaut\u00e9 genevoise Soir\u00e9e des 20 ans Conditions g\u00e9n\u00e9rales de vente CONCLUSION DU CONTRAT ET RETRAIT DES BILLETS En validant votre paiement, vous passez une commande ferme des billets. La confirmation de paiement fait office de r\u00e9servation des billets. 1.1 Avec la confirmation de paiement de votre [&hellip;]<\/p>\n","protected":false},"author":6,"featured_media":0,"parent":56355,"menu_order":0,"comment_status":"closed","ping_status":"closed","template":"elementor_canvas","meta":{"site-sidebar-layout":"no-sidebar","site-content-layout":"page-builder","ast-site-content-layout":"full-width-container","site-content-style":"default","site-sidebar-style":"default","ast-global-header-display":"","ast-banner-title-visibility":"","ast-main-header-display":"","ast-hfb-above-header-display":"","ast-hfb-below-header-display":"","ast-hfb-mobile-header-display":"","site-post-title":"disabled","ast-breadcrumbs-content":"","ast-featured-img":"disabled","footer-sml-layout":"","theme-transparent-header-meta":"","adv-header-id-meta":"","stick-header-meta":"","header-above-stick-meta":"","header-main-stick-meta":"","header-below-stick-meta":"","astra-migrate-meta-layouts":"set","ast-page-background-enabled":"default","ast-page-background-meta":{"desktop":{"background-color":"","background-image":"","background-repeat":"repeat","background-position":"center center","background-size":"auto","background-attachment":"scroll","background-type":"","background-media":"","overlay-type":"","overlay-color":"","overlay-opacity":"","overlay-gradient":""},"tablet":{"background-color":"","background-image":"","background-repeat":"repeat","background-position":"center center","background-size":"auto","background-attachment":"scroll","background-type":"","background-media":"","overlay-type":"","overlay-color":"","overlay-opacity":"","overlay-gradient":""},"mobile":{"background-color":"","background-image":"","background-repeat":"repeat","background-position":"center center","background-size":"auto","background-attachment":"scroll","background-type":"","background-media":"","overlay-type":"","overlay-color":"","overlay-opacity":"","overlay-gradient":""}},"ast-content-background-meta":{"desktop":{"background-color":"var(--ast-global-color-5)","background-image":"","background-repeat":"repeat","background-position":"center center","background-size":"auto","background-attachment":"scroll","background-type":"","background-media":"","overlay-type":"","overlay-color":"","overlay-opacity":"","overlay-gradient":""},"tablet":{"background-color":"var(--ast-global-color-5)","background-image":"","background-repeat":"repeat","background-position":"center center","background-size":"auto","background-attachment":"scroll","background-type":"","background-media":"","overlay-type":"","overlay-color":"","overlay-opacity":"","overlay-gradient":""},"mobile":{"background-color":"var(--ast-global-color-5)","background-image":"","background-repeat":"repeat","background-position":"center center","background-size":"auto","background-attachment":"scroll","background-type":"","background-media":"","overlay-type":"","overlay-color":"","overlay-opacity":"","overlay-gradient":""}},"footnotes":""},"class_list":["post-56721","page","type-page","status-publish","hentry"],"_links":{"self":[{"href":"https:\/\/www.partage.ch\/fr\/wp-json\/wp\/v2\/pages\/56721","targetHints":{"allow":["GET"]}}],"collection":[{"href":"https:\/\/www.partage.ch\/fr\/wp-json\/wp\/v2\/pages"}],"about":[{"href":"https:\/\/www.partage.ch\/fr\/wp-json\/wp\/v2\/types\/page"}],"author":[{"embeddable":true,"href":"https:\/\/www.partage.ch\/fr\/wp-json\/wp\/v2\/users\/6"}],"replies":[{"embeddable":true,"href":"https:\/\/www.partage.ch\/fr\/wp-json\/wp\/v2\/comments?post=56721"}],"version-history":[{"count":20,"href":"https:\/\/www.partage.ch\/fr\/wp-json\/wp\/v2\/pages\/56721\/revisions"}],"predecessor-version":[{"id":57031,"href":"https:\/\/www.partage.ch\/fr\/wp-json\/wp\/v2\/pages\/56721\/revisions\/57031"}],"up":[{"embeddable":true,"href":"https:\/\/www.partage.ch\/fr\/wp-json\/wp\/v2\/pages\/56355"}],"wp:attachment":[{"href":"https:\/\/www.partage.ch\/fr\/wp-json\/wp\/v2\/media?parent=56721"}],"curies":[{"name":"wp","href":"https:\/\/api.w.org\/{rel}","templated":true}]}}