{"id":56705,"date":"2025-03-30T10:07:26","date_gmt":"2025-03-30T08:07:26","guid":{"rendered":"https:\/\/www.partage.ch\/?page_id=56705"},"modified":"2025-11-19T17:42:59","modified_gmt":"2025-11-19T15:42:59","slug":"gala","status":"publish","type":"page","link":"https:\/\/www.partage.ch\/fr\/20-ans\/gala\/","title":{"rendered":"Gala"},"content":{"rendered":"\t\t<div data-elementor-type=\"wp-page\" data-elementor-id=\"56705\" class=\"elementor elementor-56705\" data-elementor-post-type=\"page\">\n\t\t\t\t<div class=\"elementor-element elementor-element-c754024 e-flex e-con-boxed e-con e-parent\" data-id=\"c754024\" data-element_type=\"container\" data-e-type=\"container\">\n\t\t\t\t\t<div class=\"e-con-inner\">\n\t\t<div class=\"elementor-element elementor-element-66f346e e-con-full e-flex e-con e-child\" data-id=\"66f346e\" data-element_type=\"container\" data-e-type=\"container\">\n\t\t\t\t<\/div>\n\t\t<div class=\"elementor-element elementor-element-095e7f5 e-con-full e-flex e-con e-child\" data-id=\"095e7f5\" data-element_type=\"container\" data-e-type=\"container\">\n\t\t\t\t<div class=\"elementor-element elementor-element-74a25e3 elementor-widget elementor-widget-image\" data-id=\"74a25e3\" data-element_type=\"widget\" data-e-type=\"widget\" data-widget_type=\"image.default\">\n\t\t\t\t<div class=\"elementor-widget-container\">\n\t\t\t\t\t\t\t\t\t\t\t\t\t\t\t\t<a href=\"\/fr\/20-ans\/\">\n\t\t\t\t\t\t\t<img fetchpriority=\"high\" decoding=\"async\" width=\"294\" height=\"182\" src=\"https:\/\/www.partage.ch\/wp-content\/uploads\/logo-partage-20ans.svg\" class=\"attachment-large size-large wp-image-56193\" alt=\"\" \/>\t\t\t\t\t\t\t\t<\/a>\n\t\t\t\t\t\t\t\t\t\t\t\t\t\t\t<\/div>\n\t\t\t\t<\/div>\n\t\t\t\t<\/div>\n\t\t<div class=\"elementor-element elementor-element-75418e1 e-con-full e-flex e-con e-child\" data-id=\"75418e1\" data-element_type=\"container\" data-e-type=\"container\">\n\t\t\t\t<div class=\"elementor-element elementor-element-1819523 elementor-widget elementor-widget-heading\" data-id=\"1819523\" data-element_type=\"widget\" data-e-type=\"widget\" data-widget_type=\"heading.default\">\n\t\t\t\t<div class=\"elementor-widget-container\">\n\t\t\t\t\t<h4 class=\"elementor-heading-title elementor-size-default\"><a href=\"https:\/\/www.partage.ch\/fr\/20-ans\/galerie\/\">Galerie photo<\/a><\/h4>\t\t\t\t<\/div>\n\t\t\t\t<\/div>\n\t\t\t\t<\/div>\n\t\t\t\t\t<\/div>\n\t\t\t\t<\/div>\n\t\t<div class=\"elementor-element elementor-element-10c2d75 e-flex e-con-boxed e-con e-parent\" data-id=\"10c2d75\" data-element_type=\"container\" data-e-type=\"container\" data-settings=\"{&quot;background_background&quot;:&quot;classic&quot;}\">\n\t\t\t\t\t<div class=\"e-con-inner\">\n\t\t\t\t<div class=\"elementor-element elementor-element-967d058 elementor-widget elementor-widget-heading\" data-id=\"967d058\" data-element_type=\"widget\" data-e-type=\"widget\" data-widget_type=\"heading.default\">\n\t\t\t\t<div class=\"elementor-widget-container\">\n\t\t\t\t\t<h2 class=\"elementor-heading-title elementor-size-default\">Soir\u00e9e des 20 ans<br>20 ans au service de la communaut\u00e9 genevoise<\/h2>\t\t\t\t<\/div>\n\t\t\t\t<\/div>\n\t\t\t\t\t<\/div>\n\t\t\t\t<\/div>\n\t\t<div class=\"elementor-element elementor-element-554ff30 e-flex e-con-boxed e-con e-parent\" data-id=\"554ff30\" data-element_type=\"container\" data-e-type=\"container\">\n\t\t\t\t\t<div class=\"e-con-inner\">\n\t\t\t\t<div class=\"elementor-element elementor-element-b0606b1 elementor-widget elementor-widget-heading\" data-id=\"b0606b1\" data-element_type=\"widget\" data-e-type=\"widget\" data-widget_type=\"heading.default\">\n\t\t\t\t<div class=\"elementor-widget-container\">\n\t\t\t\t\t<h2 class=\"elementor-heading-title elementor-size-default\">Soir\u00e9e des 20 ans<\/h2>\t\t\t\t<\/div>\n\t\t\t\t<\/div>\n\t\t\t\t<div class=\"elementor-element elementor-element-e7f4509 elementor-widget elementor-widget-heading\" data-id=\"e7f4509\" data-element_type=\"widget\" data-e-type=\"widget\" data-widget_type=\"heading.default\">\n\t\t\t\t<div class=\"elementor-widget-container\">\n\t\t\t\t\t<h3 class=\"elementor-heading-title elementor-size-default\">C\u00e9l\u00e9brons ensemble les 20 ans de la Fondation Partage.<\/h3>\t\t\t\t<\/div>\n\t\t\t\t<\/div>\n\t\t\t\t<div class=\"elementor-element elementor-element-7153aac elementor-widget elementor-widget-heading\" data-id=\"7153aac\" data-element_type=\"widget\" data-e-type=\"widget\" data-widget_type=\"heading.default\">\n\t\t\t\t<div class=\"elementor-widget-container\">\n\t\t\t\t\t<p class=\"elementor-heading-title elementor-size-default\">Le jeudi 20 novembre 2025 \u00e0 partir de 17h45\n<\/p>\t\t\t\t<\/div>\n\t\t\t\t<\/div>\n\t\t\t\t<div class=\"elementor-element elementor-element-a968be2 elementor-widget elementor-widget-text-editor\" data-id=\"a968be2\" data-element_type=\"widget\" data-e-type=\"widget\" data-widget_type=\"text-editor.default\">\n\t\t\t\t<div class=\"elementor-widget-container\">\n\t\t\t\t\t\t\t\t\t<p>Ouverture des portes \u00e0 17h45<br \/>Introduction officielle \u00e0 18h30<\/p><p>Pi\u00e8ce de th\u00e9\u00e2tre \u00e0 19h00<\/p><h1 class=\"ff-big-caslon fs-50 text-uppercase\">Les Bijoux de la Castafiore<\/h1><p><strong>D&#8217;Herg\u00e9<br \/>Mise en sc\u00e8ne de Christiane Suter et Dominique Catton <\/strong><\/p><p>Suivie d&#8217;un\u00a0<br \/>Cocktail dinatoire \u00e0 21h<\/p><p>au\u00a0<\/p><p>Th\u00e9\u00e2tre de Carouge <br \/>Rue Ancienne 37A<br \/>1227 Carouge<\/p><p>Venez assister \u00e0 l\u2019adaptation exceptionnelle de la bande-dessin\u00e9e d\u2019Herg\u00e9 pour la sc\u00e8ne, 25 ans apr\u00e8s sa cr\u00e9ation. L\u2019intrigue s\u2019immisce avec fracas sous les (at)traits de Bianca Castafiore, c\u00e9l\u00e8bre diva un brin envahissante. \u00ab Ciel ! Mes bijoux \u00bb<\/p>\t\t\t\t\t\t\t\t<\/div>\n\t\t\t\t<\/div>\n\t\t\t\t\t<\/div>\n\t\t\t\t<\/div>\n\t\t<div class=\"elementor-element elementor-element-0ce64bc e-flex e-con-boxed e-con e-parent\" data-id=\"0ce64bc\" data-element_type=\"container\" data-e-type=\"container\" data-settings=\"{&quot;background_background&quot;:&quot;classic&quot;}\">\n\t\t\t\t\t<div class=\"e-con-inner\">\n\t\t\t\t<div class=\"elementor-element elementor-element-73daba6 elementor-widget elementor-widget-text-editor\" data-id=\"73daba6\" data-element_type=\"widget\" data-e-type=\"widget\" data-widget_type=\"text-editor.default\">\n\t\t\t\t<div class=\"elementor-widget-container\">\n\t\t\t\t\t\t\t\t\t<p><b>Le formulaire d\u2019inscription est d\u00e9sormais ferm\u00e9. <br>Cependant, des places sont encore disponibles pour la soir\u00e9e de demain !<\/b><\/p>\n<p>Nous vous invitons \u00e0 vous pr\u00e9senter directement au Th\u00e9\u00e2tre \u00e0 17h45 pour obtenir une place*, dans la limite des disponibilit\u00e9s. <br>Nous nous r\u00e9jouissons de c\u00e9l\u00e9brer avec vous les 20 ans de la Fondation Partage.&nbsp;<\/p>\n<p>Merci de votre compr\u00e9hension et \u00e0 tr\u00e8s bient\u00f4t !<\/p>\n<p>Paiement uniquement en esp\u00e8ces ou par Twint.<\/p>\t\t\t\t\t\t\t\t<\/div>\n\t\t\t\t<\/div>\n\t\t\t\t\t<\/div>\n\t\t\t\t<\/div>\n\t\t<div class=\"elementor-element elementor-element-b539d31 e-flex e-con-boxed e-con e-parent\" data-id=\"b539d31\" data-element_type=\"container\" data-e-type=\"container\">\n\t\t\t\t\t<div class=\"e-con-inner\">\n\t\t\t\t<div class=\"elementor-element elementor-element-935c8b1 elementor-widget elementor-widget-image\" data-id=\"935c8b1\" data-element_type=\"widget\" data-e-type=\"widget\" data-widget_type=\"image.default\">\n\t\t\t\t<div class=\"elementor-widget-container\">\n\t\t\t\t\t\t\t\t\t\t\t\t\t\t\t<img decoding=\"async\" width=\"697\" height=\"1024\" src=\"https:\/\/www.partage.ch\/wp-content\/uploads\/Tintin-5_c-Marc-Vanappelghem-697x1024.jpg\" class=\"attachment-large size-large wp-image-58906\" alt=\"\" srcset=\"https:\/\/www.partage.ch\/wp-content\/uploads\/Tintin-5_c-Marc-Vanappelghem-697x1024.jpg 697w, https:\/\/www.partage.ch\/wp-content\/uploads\/Tintin-5_c-Marc-Vanappelghem-204x300.jpg 204w, https:\/\/www.partage.ch\/wp-content\/uploads\/Tintin-5_c-Marc-Vanappelghem-768x1129.jpg 768w, https:\/\/www.partage.ch\/wp-content\/uploads\/Tintin-5_c-Marc-Vanappelghem-1045x1536.jpg 1045w, https:\/\/www.partage.ch\/wp-content\/uploads\/Tintin-5_c-Marc-Vanappelghem.jpg 1286w\" sizes=\"(max-width: 697px) 100vw, 697px\" \/>\t\t\t\t\t\t\t\t\t\t\t\t\t\t\t<\/div>\n\t\t\t\t<\/div>\n\t\t\t\t<div class=\"elementor-element elementor-element-5540224 elementor-widget elementor-widget-text-editor\" data-id=\"5540224\" data-element_type=\"widget\" data-e-type=\"widget\" data-widget_type=\"text-editor.default\">\n\t\t\t\t<div class=\"elementor-widget-container\">\n\t\t\t\t\t\t\t\t\t<p><em>\u00a0 \u00a0 \u00a0 \u00a0 (c)-Marc-Vanappelghem<\/em><\/p>\t\t\t\t\t\t\t\t<\/div>\n\t\t\t\t<\/div>\n\t\t\t\t<div class=\"elementor-element elementor-element-47c447e elementor-widget elementor-widget-heading\" data-id=\"47c447e\" data-element_type=\"widget\" data-e-type=\"widget\" data-widget_type=\"heading.default\">\n\t\t\t\t<div class=\"elementor-widget-container\">\n\t\t\t\t\t<p class=\"elementor-heading-title elementor-size-default\"><a href=\"https:\/\/www.partage.ch\/fr\/20-ans\/gala-cgv\/\" target=\"_blank\">Conditions g\u00e9n\u00e9rales de vente<\/a><\/p>\t\t\t\t<\/div>\n\t\t\t\t<\/div>\n\t\t\t\t\t<\/div>\n\t\t\t\t<\/div>\n\t\t<div class=\"elementor-element elementor-element-0d384df e-flex e-con-boxed e-con e-parent\" data-id=\"0d384df\" data-element_type=\"container\" data-e-type=\"container\" data-settings=\"{&quot;background_background&quot;:&quot;classic&quot;}\">\n\t\t\t\t\t<div class=\"e-con-inner\">\n\t\t\t\t<div class=\"elementor-element elementor-element-87c5d3d elementor-widget elementor-widget-heading\" data-id=\"87c5d3d\" data-element_type=\"widget\" data-e-type=\"widget\" data-widget_type=\"heading.default\">\n\t\t\t\t<div class=\"elementor-widget-container\">\n\t\t\t\t\t<h2 class=\"elementor-heading-title elementor-size-default\">20 ans au service des personnes en difficult\u00e9<\/h2>\t\t\t\t<\/div>\n\t\t\t\t<\/div>\n\t\t\t\t<div class=\"elementor-element elementor-element-0e30e9b elementor-shape-circle elementor-grid-0 e-grid-align-center elementor-widget elementor-widget-social-icons\" data-id=\"0e30e9b\" data-element_type=\"widget\" data-e-type=\"widget\" data-widget_type=\"social-icons.default\">\n\t\t\t\t<div class=\"elementor-widget-container\">\n\t\t\t\t\t\t\t<div class=\"elementor-social-icons-wrapper elementor-grid\" role=\"list\">\n\t\t\t\t\t\t\t<span class=\"elementor-grid-item\" role=\"listitem\">\n\t\t\t\t\t<a class=\"elementor-icon elementor-social-icon elementor-social-icon-facebook elementor-repeater-item-5bb4a80\" href=\"https:\/\/www.facebook.com\/centrale.partage\" target=\"_blank\">\n\t\t\t\t\t\t<span class=\"elementor-screen-only\">Facebook<\/span>\n\t\t\t\t\t\t<i aria-hidden=\"true\" class=\"fab fa-facebook\"><\/i>\t\t\t\t\t<\/a>\n\t\t\t\t<\/span>\n\t\t\t\t\t\t\t<span class=\"elementor-grid-item\" role=\"listitem\">\n\t\t\t\t\t<a class=\"elementor-icon elementor-social-icon elementor-social-icon-instagram elementor-repeater-item-9b899f9\" href=\"https:\/\/www.instagram.com\/partage.geneve\/\" target=\"_blank\">\n\t\t\t\t\t\t<span class=\"elementor-screen-only\">Instagram<\/span>\n\t\t\t\t\t\t<i aria-hidden=\"true\" class=\"fab fa-instagram\"><\/i>\t\t\t\t\t<\/a>\n\t\t\t\t<\/span>\n\t\t\t\t\t\t\t<span class=\"elementor-grid-item\" role=\"listitem\">\n\t\t\t\t\t<a class=\"elementor-icon elementor-social-icon elementor-social-icon-linkedin elementor-repeater-item-9e9db8b\" href=\"https:\/\/ch.linkedin.com\/company\/fondation-partage\" target=\"_blank\">\n\t\t\t\t\t\t<span class=\"elementor-screen-only\">Linkedin<\/span>\n\t\t\t\t\t\t<i aria-hidden=\"true\" class=\"fab fa-linkedin\"><\/i>\t\t\t\t\t<\/a>\n\t\t\t\t<\/span>\n\t\t\t\t\t\t\t<span class=\"elementor-grid-item\" role=\"listitem\">\n\t\t\t\t\t<a class=\"elementor-icon elementor-social-icon elementor-social-icon-youtube elementor-repeater-item-08ce479\" href=\"https:\/\/www.youtube.com\/user\/PartageG\" target=\"_blank\">\n\t\t\t\t\t\t<span class=\"elementor-screen-only\">Youtube<\/span>\n\t\t\t\t\t\t<i aria-hidden=\"true\" class=\"fab fa-youtube\"><\/i>\t\t\t\t\t<\/a>\n\t\t\t\t<\/span>\n\t\t\t\t\t<\/div>\n\t\t\t\t\t\t<\/div>\n\t\t\t\t<\/div>\n\t\t\t\t\t<\/div>\n\t\t\t\t<\/div>\n\t\t\t\t<\/div>\n\t\t","protected":false},"excerpt":{"rendered":"<p>Galerie photo Soir\u00e9e des 20 ans20 ans au service de la communaut\u00e9 genevoise Soir\u00e9e des 20 ans C\u00e9l\u00e9brons ensemble les 20 ans de la Fondation Partage. Le jeudi 20 novembre 2025 \u00e0 partir de 17h45 Ouverture des portes \u00e0 17h45Introduction officielle \u00e0 18h30 Pi\u00e8ce de th\u00e9\u00e2tre \u00e0 19h00 Les Bijoux de la Castafiore D&#8217;Herg\u00e9Mise en [&hellip;]<\/p>\n","protected":false},"author":6,"featured_media":0,"parent":56355,"menu_order":0,"comment_status":"closed","ping_status":"closed","template":"elementor_canvas","meta":{"site-sidebar-layout":"no-sidebar","site-content-layout":"page-builder","ast-site-content-layout":"full-width-container","site-content-style":"default","site-sidebar-style":"default","ast-global-header-display":"","ast-banner-title-visibility":"","ast-main-header-display":"","ast-hfb-above-header-display":"","ast-hfb-below-header-display":"","ast-hfb-mobile-header-display":"","site-post-title":"disabled","ast-breadcrumbs-content":"","ast-featured-img":"disabled","footer-sml-layout":"","theme-transparent-header-meta":"","adv-header-id-meta":"","stick-header-meta":"","header-above-stick-meta":"","header-main-stick-meta":"","header-below-stick-meta":"","astra-migrate-meta-layouts":"set","ast-page-background-enabled":"default","ast-page-background-meta":{"desktop":{"background-color":"","background-image":"","background-repeat":"repeat","background-position":"center center","background-size":"auto","background-attachment":"scroll","background-type":"","background-media":"","overlay-type":"","overlay-color":"","overlay-opacity":"","overlay-gradient":""},"tablet":{"background-color":"","background-image":"","background-repeat":"repeat","background-position":"center center","background-size":"auto","background-attachment":"scroll","background-type":"","background-media":"","overlay-type":"","overlay-color":"","overlay-opacity":"","overlay-gradient":""},"mobile":{"background-color":"","background-image":"","background-repeat":"repeat","background-position":"center center","background-size":"auto","background-attachment":"scroll","background-type":"","background-media":"","overlay-type":"","overlay-color":"","overlay-opacity":"","overlay-gradient":""}},"ast-content-background-meta":{"desktop":{"background-color":"var(--ast-global-color-5)","background-image":"","background-repeat":"repeat","background-position":"center center","background-size":"auto","background-attachment":"scroll","background-type":"","background-media":"","overlay-type":"","overlay-color":"","overlay-opacity":"","overlay-gradient":""},"tablet":{"background-color":"var(--ast-global-color-5)","background-image":"","background-repeat":"repeat","background-position":"center center","background-size":"auto","background-attachment":"scroll","background-type":"","background-media":"","overlay-type":"","overlay-color":"","overlay-opacity":"","overlay-gradient":""},"mobile":{"background-color":"var(--ast-global-color-5)","background-image":"","background-repeat":"repeat","background-position":"center center","background-size":"auto","background-attachment":"scroll","background-type":"","background-media":"","overlay-type":"","overlay-color":"","overlay-opacity":"","overlay-gradient":""}},"footnotes":""},"class_list":["post-56705","page","type-page","status-publish","hentry"],"_links":{"self":[{"href":"https:\/\/www.partage.ch\/fr\/wp-json\/wp\/v2\/pages\/56705","targetHints":{"allow":["GET"]}}],"collection":[{"href":"https:\/\/www.partage.ch\/fr\/wp-json\/wp\/v2\/pages"}],"about":[{"href":"https:\/\/www.partage.ch\/fr\/wp-json\/wp\/v2\/types\/page"}],"author":[{"embeddable":true,"href":"https:\/\/www.partage.ch\/fr\/wp-json\/wp\/v2\/users\/6"}],"replies":[{"embeddable":true,"href":"https:\/\/www.partage.ch\/fr\/wp-json\/wp\/v2\/comments?post=56705"}],"version-history":[{"count":46,"href":"https:\/\/www.partage.ch\/fr\/wp-json\/wp\/v2\/pages\/56705\/revisions"}],"predecessor-version":[{"id":59438,"href":"https:\/\/www.partage.ch\/fr\/wp-json\/wp\/v2\/pages\/56705\/revisions\/59438"}],"up":[{"embeddable":true,"href":"https:\/\/www.partage.ch\/fr\/wp-json\/wp\/v2\/pages\/56355"}],"wp:attachment":[{"href":"https:\/\/www.partage.ch\/fr\/wp-json\/wp\/v2\/media?parent=56705"}],"curies":[{"name":"wp","href":"https:\/\/api.w.org\/{rel}","templated":true}]}}