{"id":53896,"date":"2023-12-14T09:46:07","date_gmt":"2023-12-14T07:46:07","guid":{"rendered":"https:\/\/www.partage.ch\/?page_id=53896"},"modified":"2024-08-08T15:36:12","modified_gmt":"2024-08-08T13:36:12","slug":"mentions-legales","status":"publish","type":"page","link":"https:\/\/www.partage.ch\/fr\/mentions-legales\/","title":{"rendered":"Mentions l\u00e9gales"},"content":{"rendered":"\t\t<div data-elementor-type=\"wp-page\" data-elementor-id=\"53896\" class=\"elementor elementor-53896\" data-elementor-post-type=\"page\">\n\t\t\t\t\t\t<section class=\"elementor-section elementor-top-section elementor-element elementor-element-1cb18e6e elementor-section-boxed elementor-section-height-default elementor-section-height-default\" data-id=\"1cb18e6e\" data-element_type=\"section\" data-e-type=\"section\">\n\t\t\t\t\t\t<div class=\"elementor-container elementor-column-gap-default\">\n\t\t\t\t\t<div class=\"elementor-column elementor-col-100 elementor-top-column elementor-element elementor-element-a153637\" data-id=\"a153637\" data-element_type=\"column\" data-e-type=\"column\" data-settings=\"{&quot;background_background&quot;:&quot;classic&quot;}\">\n\t\t\t<div class=\"elementor-widget-wrap elementor-element-populated\">\n\t\t\t\t\t\t<div class=\"elementor-element elementor-element-be6c4f4 elementor-widget elementor-widget-heading\" data-id=\"be6c4f4\" data-element_type=\"widget\" data-e-type=\"widget\" data-widget_type=\"heading.default\">\n\t\t\t\t<div class=\"elementor-widget-container\">\n\t\t\t\t\t<h1 class=\"elementor-heading-title elementor-size-default\">Mentions l\u00e9gales<\/h1>\t\t\t\t<\/div>\n\t\t\t\t<\/div>\n\t\t\t\t<section class=\"elementor-section elementor-inner-section elementor-element elementor-element-e53d912 elementor-section-boxed elementor-section-height-default elementor-section-height-default\" data-id=\"e53d912\" data-element_type=\"section\" data-e-type=\"section\">\n\t\t\t\t\t\t<div class=\"elementor-container elementor-column-gap-default\">\n\t\t\t\t\t<div class=\"elementor-column elementor-col-100 elementor-inner-column elementor-element elementor-element-0afbbef\" data-id=\"0afbbef\" data-element_type=\"column\" data-e-type=\"column\">\n\t\t\t<div class=\"elementor-widget-wrap elementor-element-populated\">\n\t\t\t\t\t\t<div class=\"elementor-element elementor-element-d252c14 elementor-widget elementor-widget-text-editor\" data-id=\"d252c14\" data-element_type=\"widget\" data-e-type=\"widget\" data-widget_type=\"text-editor.default\">\n\t\t\t\t<div class=\"elementor-widget-container\">\n\t\t\t\t\t\t\t\t\t<p><em>Ce site web est exploit\u00e9 par la Fondation Partage, Route de la Galaise 19 A, 1228 Plan-les-Ouates, fondation immatricul\u00e9e au Registre du Commerce, CHE-316.980.335.<\/em><\/p><p>Vous pouvez nous joindre par e-mail \u00e0 <a href=\"mailto:info@partage.ch\">info@partage.ch<\/a> et au num\u00e9ro de t\u00e9l\u00e9phone suivant : 022 301 11 78.<\/p><p>En utilisant et en naviguant sur notre site web, vous acceptez d\u2019\u00eatre li\u00e9s \u00e0 nos mentions l\u00e9gales.<\/p><p><strong>PROPRI\u00c9T\u00c9 INTELLECTUELLE<\/strong><\/p><p>Le contenu de notre site web, sa structure g\u00e9n\u00e9rale, les photographies et les images, les vid\u00e9os, les infographies, les textes et autres documents dont notre site web est compos\u00e9 sont de notre propri\u00e9t\u00e9 exclusive ou sont utilis\u00e9s avec la permission de leurs titulaires et sont prot\u00e9g\u00e9s par des droits d\u2019auteur, droits de marque et autres droits de propri\u00e9t\u00e9 intellectuelle.<\/p><p>Toute repr\u00e9sentation ou reproduction totale ou partielle de notre site web ou de son contenu, par quelque proc\u00e9d\u00e9 que ce soit, sans avoir obtenu notre autorisation pr\u00e9alable expresse est interdite et constituerait une contrefa\u00e7on sanctionn\u00e9e la loi.<\/p><p><strong>LICENCE D\u2019UTILISATION<\/strong><\/p><p>Le droit d\u2019usage conf\u00e9r\u00e9 \u00e0 l\u2019utilisateur sur notre site web est personnel et priv\u00e9.\u00a0 Toute repr\u00e9sentation, reproduction, diffusion ou autre usage du contenu du site web sur un quelconque support pour un usage commercial, sont prohib\u00e9s. Le droit d\u2019utilisation comprend uniquement l\u2019autorisation de consulter le site web et son contenu. Tout autre usage est soumis \u00e0 notre autorisation expresse pr\u00e9alable.<\/p><p><strong>LIMITATION DE RESPONSABILIT\u00c9<\/strong><\/p><p>Malgr\u00e9 le fait que nous accordions \u00e9norm\u00e9ment d\u2019attention \u00e0 la cr\u00e9ation de notre site web, nous ne pouvons pas garantir l\u2019exactitude, ni le caract\u00e8re complet des informations publi\u00e9es. Nous ne pouvons \u00e9galement pas garantir que le site web et\/ou les serveurs qui l\u2019h\u00e9bergent fonctionneront sans interruptions, dysfonctionnements, erreurs, virus ou autres composants pr\u00e9judiciables ou que ces probl\u00e8mes pourront et seront r\u00e9solus.<\/p><p>En utilisant et naviguant sur notre site web, vous consentez express\u00e9ment aux limitations de notre responsabilit\u00e9 pouvant r\u00e9sulter de l\u2019usage de notre site web.<\/p><p><strong>LIENS VERS D\u2019AUTRES SITES INTERNET<\/strong><\/p><p>Le site web peut renvoyer \u00e0 d\u2019autres sites web de tiers, qui ne sont pas sous notre contr\u00f4le. Nous n\u2019assumons aucune responsabilit\u00e9 quant au contenu de sites tiers et les renvois de notre site web \u00e0 des sites tiers ne constitue pas une recommandation ou une approbation des opinions exprim\u00e9es en leur sein.<\/p><p><strong>PROTECTION DES DONN\u00c9ES <\/strong><\/p><p>Nous nous engageons \u00e0 respecter vos donn\u00e9es personnelles. Pour plus d\u2019informations concernant la mani\u00e8re dont nous collectons, utilisons et partageons vos donn\u00e9es, vous pouvez consulter notre <a href=\"https:\/\/www.partage.ch\/fr\/declaration-de-confidentialite-ue\/\"><u>notice de confidentialit\u00e9<\/u><\/a>.<\/p><p>Fondation Partage \u2013 D\u00e9cembre 2023<\/p>\t\t\t\t\t\t\t\t<\/div>\n\t\t\t\t<\/div>\n\t\t\t\t\t<\/div>\n\t\t<\/div>\n\t\t\t\t\t<\/div>\n\t\t<\/section>\n\t\t\t\t\t<\/div>\n\t\t<\/div>\n\t\t\t\t\t<\/div>\n\t\t<\/section>\n\t\t\t\t<\/div>\n\t\t","protected":false},"excerpt":{"rendered":"<p>Ce site web est exploit\u00e9 par la Fondation Partage, Route de la Galaise 19 A, 1228 Plan-les-Ouates, fondation immatricul\u00e9e au Registre du Commerce, CHE-316.980.335. Vous pouvez nous joindre par e-mail \u00e0 info@partage.ch et au num\u00e9ro de t\u00e9l\u00e9phone suivant : 022 301 11 78. En utilisant et en naviguant sur notre site web, vous acceptez d\u2019\u00eatre [&hellip;]<\/p>\n","protected":false},"author":3,"featured_media":0,"parent":0,"menu_order":0,"comment_status":"closed","ping_status":"closed","template":"elementor_header_footer","meta":{"site-sidebar-layout":"default","site-content-layout":"","ast-site-content-layout":"default","site-content-style":"default","site-sidebar-style":"default","ast-global-header-display":"","ast-banner-title-visibility":"","ast-main-header-display":"","ast-hfb-above-header-display":"","ast-hfb-below-header-display":"","ast-hfb-mobile-header-display":"","site-post-title":"","ast-breadcrumbs-content":"","ast-featured-img":"","footer-sml-layout":"","theme-transparent-header-meta":"","adv-header-id-meta":"","stick-header-meta":"","header-above-stick-meta":"","header-main-stick-meta":"","header-below-stick-meta":"","astra-migrate-meta-layouts":"set","ast-page-background-enabled":"default","ast-page-background-meta":{"desktop":{"background-color":"","background-image":"","background-repeat":"repeat","background-position":"center center","background-size":"auto","background-attachment":"scroll","background-type":"","background-media":"","overlay-type":"","overlay-color":"","overlay-opacity":"","overlay-gradient":""},"tablet":{"background-color":"","background-image":"","background-repeat":"repeat","background-position":"center center","background-size":"auto","background-attachment":"scroll","background-type":"","background-media":"","overlay-type":"","overlay-color":"","overlay-opacity":"","overlay-gradient":""},"mobile":{"background-color":"","background-image":"","background-repeat":"repeat","background-position":"center center","background-size":"auto","background-attachment":"scroll","background-type":"","background-media":"","overlay-type":"","overlay-color":"","overlay-opacity":"","overlay-gradient":""}},"ast-content-background-meta":{"desktop":{"background-color":"var(--ast-global-color-5)","background-image":"","background-repeat":"repeat","background-position":"center center","background-size":"auto","background-attachment":"scroll","background-type":"","background-media":"","overlay-type":"","overlay-color":"","overlay-opacity":"","overlay-gradient":""},"tablet":{"background-color":"var(--ast-global-color-5)","background-image":"","background-repeat":"repeat","background-position":"center center","background-size":"auto","background-attachment":"scroll","background-type":"","background-media":"","overlay-type":"","overlay-color":"","overlay-opacity":"","overlay-gradient":""},"mobile":{"background-color":"var(--ast-global-color-5)","background-image":"","background-repeat":"repeat","background-position":"center center","background-size":"auto","background-attachment":"scroll","background-type":"","background-media":"","overlay-type":"","overlay-color":"","overlay-opacity":"","overlay-gradient":""}},"footnotes":""},"class_list":["post-53896","page","type-page","status-publish","hentry"],"_links":{"self":[{"href":"https:\/\/www.partage.ch\/fr\/wp-json\/wp\/v2\/pages\/53896","targetHints":{"allow":["GET"]}}],"collection":[{"href":"https:\/\/www.partage.ch\/fr\/wp-json\/wp\/v2\/pages"}],"about":[{"href":"https:\/\/www.partage.ch\/fr\/wp-json\/wp\/v2\/types\/page"}],"author":[{"embeddable":true,"href":"https:\/\/www.partage.ch\/fr\/wp-json\/wp\/v2\/users\/3"}],"replies":[{"embeddable":true,"href":"https:\/\/www.partage.ch\/fr\/wp-json\/wp\/v2\/comments?post=53896"}],"version-history":[{"count":11,"href":"https:\/\/www.partage.ch\/fr\/wp-json\/wp\/v2\/pages\/53896\/revisions"}],"predecessor-version":[{"id":55381,"href":"https:\/\/www.partage.ch\/fr\/wp-json\/wp\/v2\/pages\/53896\/revisions\/55381"}],"wp:attachment":[{"href":"https:\/\/www.partage.ch\/fr\/wp-json\/wp\/v2\/media?parent=53896"}],"curies":[{"name":"wp","href":"https:\/\/api.w.org\/{rel}","templated":true}]}}