{"id":2453,"date":"2021-03-23T20:56:31","date_gmt":"2021-03-23T18:56:31","guid":{"rendered":"https:\/\/www.partage.ch\/?page_id=2453"},"modified":"2021-03-23T21:32:40","modified_gmt":"2021-03-23T19:32:40","slug":"archives","status":"publish","type":"page","link":"https:\/\/www.partage.ch\/fr\/medias-actualites\/archives\/","title":{"rendered":"Archives"},"content":{"rendered":"\t\t<div data-elementor-type=\"wp-page\" data-elementor-id=\"2453\" class=\"elementor elementor-2453\" data-elementor-post-type=\"page\">\n\t\t\t\t\t\t<section class=\"elementor-section elementor-top-section elementor-element elementor-element-6211c405 elementor-section-full_width elementor-section-height-min-height elementor-section-items-stretch elementor-section-content-middle elementor-section-height-default\" data-id=\"6211c405\" data-element_type=\"section\" data-e-type=\"section\">\n\t\t\t\t\t\t<div class=\"elementor-container elementor-column-gap-no\">\n\t\t\t\t\t<div class=\"elementor-column elementor-col-50 elementor-top-column elementor-element elementor-element-511d16c4\" data-id=\"511d16c4\" data-element_type=\"column\" data-e-type=\"column\" data-settings=\"{&quot;background_background&quot;:&quot;classic&quot;}\">\n\t\t\t<div class=\"elementor-widget-wrap elementor-element-populated\">\n\t\t\t\t\t<div class=\"elementor-background-overlay\"><\/div>\n\t\t\t\t\t\t<div class=\"elementor-element elementor-element-51aa6f79 elementor-widget__width-auto elementor-invisible elementor-widget elementor-widget-heading\" data-id=\"51aa6f79\" data-element_type=\"widget\" data-e-type=\"widget\" data-settings=\"{&quot;_animation&quot;:&quot;fadeInLeft&quot;}\" data-widget_type=\"heading.default\">\n\t\t\t\t<div class=\"elementor-widget-container\">\n\t\t\t\t\t<h1 class=\"elementor-heading-title elementor-size-default\"><span class=\"highlight\">Agir<\/span> avec nous<\/h1>\t\t\t\t<\/div>\n\t\t\t\t<\/div>\n\t\t\t\t\t<\/div>\n\t\t<\/div>\n\t\t\t\t<div class=\"elementor-column elementor-col-50 elementor-top-column elementor-element elementor-element-21e26364\" data-id=\"21e26364\" data-element_type=\"column\" data-e-type=\"column\" data-settings=\"{&quot;background_background&quot;:&quot;classic&quot;,&quot;background_motion_fx_motion_fx_scrolling&quot;:&quot;yes&quot;,&quot;background_motion_fx_scale_effect&quot;:&quot;yes&quot;,&quot;background_motion_fx_scale_speed&quot;:{&quot;unit&quot;:&quot;px&quot;,&quot;size&quot;:2,&quot;sizes&quot;:[]},&quot;background_motion_fx_scale_direction&quot;:&quot;out-in&quot;,&quot;background_motion_fx_scale_range&quot;:{&quot;unit&quot;:&quot;%&quot;,&quot;size&quot;:&quot;&quot;,&quot;sizes&quot;:{&quot;start&quot;:20,&quot;end&quot;:80}},&quot;background_motion_fx_devices&quot;:[&quot;widescreen&quot;,&quot;desktop&quot;,&quot;laptop&quot;,&quot;tablet_extra&quot;,&quot;tablet&quot;,&quot;mobile_extra&quot;,&quot;mobile&quot;]}\">\n\t\t\t<div class=\"elementor-widget-wrap elementor-element-populated\">\n\t\t\t\t\t\t<div class=\"elementor-element elementor-element-4164cca4 elementor-widget elementor-widget-spacer\" data-id=\"4164cca4\" data-element_type=\"widget\" data-e-type=\"widget\" data-widget_type=\"spacer.default\">\n\t\t\t\t<div class=\"elementor-widget-container\">\n\t\t\t\t\t\t\t<div class=\"elementor-spacer\">\n\t\t\t<div class=\"elementor-spacer-inner\"><\/div>\n\t\t<\/div>\n\t\t\t\t\t\t<\/div>\n\t\t\t\t<\/div>\n\t\t\t\t\t<\/div>\n\t\t<\/div>\n\t\t\t\t\t<\/div>\n\t\t<\/section>\n\t\t\t\t<section class=\"elementor-section elementor-top-section elementor-element elementor-element-1e92be2b elementor-section-boxed elementor-section-height-default elementor-section-height-default\" data-id=\"1e92be2b\" data-element_type=\"section\" data-e-type=\"section\">\n\t\t\t\t\t\t<div class=\"elementor-container elementor-column-gap-default\">\n\t\t\t\t\t<div class=\"elementor-column elementor-col-100 elementor-top-column elementor-element elementor-element-32ae4d84\" data-id=\"32ae4d84\" data-element_type=\"column\" data-e-type=\"column\">\n\t\t\t<div class=\"elementor-widget-wrap elementor-element-populated\">\n\t\t\t\t\t\t<div class=\"elementor-element elementor-element-6c81a23 elementor-hidden-phone elementor-widget elementor-widget-global elementor-global-836 elementor-widget-pp-breadcrumbs\" data-id=\"6c81a23\" data-element_type=\"widget\" data-e-type=\"widget\" data-settings=\"{&quot;breadcrumbs_type&quot;:&quot;powerpack&quot;}\" data-widget_type=\"pp-breadcrumbs.default\">\n\t\t\t\t<div class=\"elementor-widget-container\">\n\t\t\t\t\t<ul class=\"pp-breadcrumbs pp-breadcrumbs-powerpack\">\t\t<li class=\"pp-breadcrumbs-item pp-breadcrumbs-item-home\">\n\t\t\t<a class=\"pp-breadcrumbs-crumb pp-breadcrumbs-crumb-link pp-breadcrumbs-crumb-home\" href=\"https:\/\/www.partage.ch\/fr\/\" title=\"Accueil\">\n\t\t\t\t<span class=\"pp-breadcrumbs-text\">\n\t\t\t\t\t\t\t\t\t\tAccueil\t\t\t\t<\/span>\n\t\t\t<\/a>\n\t\t<\/li>\n\t\t<li class=\"pp-breadcrumbs-separator\"><span class=\"pp-breadcrumbs-separator-text\">\/<\/span><\/li><\/ul>\t\t\t\t<\/div>\n\t\t\t\t<\/div>\n\t\t\t\t<div class=\"elementor-element elementor-element-834b5fb elementor-widget elementor-widget-heading\" data-id=\"834b5fb\" data-element_type=\"widget\" data-e-type=\"widget\" data-widget_type=\"heading.default\">\n\t\t\t\t<div class=\"elementor-widget-container\">\n\t\t\t\t\t<h1 class=\"elementor-heading-title elementor-size-default\">Archives<\/h1>\t\t\t\t<\/div>\n\t\t\t\t<\/div>\n\t\t\t\t<div class=\"elementor-element elementor-element-718647c pp-equal-height-yes pp-posts-thumbnail-ratio elementor-grid-3 elementor-grid-tablet-2 elementor-grid-mobile-1 elementor-widget elementor-widget-pp-posts\" data-id=\"718647c\" data-element_type=\"widget\" data-e-type=\"widget\" data-widget_type=\"pp-posts.classic\">\n\t\t\t\t<div class=\"elementor-widget-container\">\n\t\t\t\t\t\t\t<div class=\"pp-posts-container\">\n\t\t\t\n\t\t\t\t\t\t\t\t\t\t\n\t\t\t<div class=\"pp-posts pp-posts-skin-classic elementor-grid pp-posts-grid\" data-query-type=\"custom\" data-layout=\"grid\" data-page=\"2453\" data-skin=\"classic\">\n\t\t\t\t\t\t\t\t\t\t\t<div class=\"pp-post-wrap pp-grid-item-wrap elementor-grid-item post-60658 post type-post status-publish format-standard has-post-thumbnail hentry category-actualites\">\n\t\t\t\t\t\t<div class=\"pp-post pp-grid-item\">\n\t\t\t\t\t\t<div class=\"pp-post-thumbnail\">\n\t\t\t<a class=\"pp-post-thumbnail-wrap\" href=\"https:\/\/www.partage.ch\/fr\/actualites\/temoignage-voie-f\/\" title=\"D\u00e9couvrez les coulisses de Voie F\">\n\t\t\t\t<img fetchpriority=\"high\" decoding=\"async\" width=\"800\" height=\"642\" src=\"https:\/\/www.partage.ch\/wp-content\/uploads\/PHOTO-EQUIPE-1024x823-800x642-1.jpg\" class=\"attachment-large size-large wp-image-60674\" alt=\"\" srcset=\"https:\/\/www.partage.ch\/wp-content\/uploads\/PHOTO-EQUIPE-1024x823-800x642-1.jpg 800w, https:\/\/www.partage.ch\/wp-content\/uploads\/PHOTO-EQUIPE-1024x823-800x642-1-300x241.jpg 300w, https:\/\/www.partage.ch\/wp-content\/uploads\/PHOTO-EQUIPE-1024x823-800x642-1-768x616.jpg 768w\" sizes=\"(max-width: 800px) 100vw, 800px\" \/>\t\t\t<\/a>\n\t\t<\/div>\n\t\t\n\t\t\t\t\n\t\t\t\t<div class=\"pp-post-content-wrap\">\n\t\t\t\t\t<div class=\"pp-post-content\">\n\t\t\t\t\t\t\t\t\t\t\t\t<h3 class=\"pp-post-title\">\n\t\t\t\t<a href=\"https:\/\/www.partage.ch\/fr\/actualites\/temoignage-voie-f\/\">D\u00e9couvrez les coulisses de Voie F<\/a>\t\t\t<\/h3>\n\t\t\t\t\t\t\t<div class=\"pp-post-excerpt\">\n\t\t\t<p>Depuis 2026, l\u2019Association Voie F a rejoint le r\u00e9seau de la Fondation Partage, comptant aujourd\u2019hui plus de 50 institutions b\u00e9n\u00e9ficiaires. ...<\/p>\n\t\t<\/div>\n\t\t\t\t\t\t\t\t\t<\/div>\n\t\t\t\t\t\t\t\t\t<\/div>\n\n\t\t\t\t\t\t\t<\/div>\n\t\t\t\t\t<\/div>\n\t\t\t\t<div class=\"pp-post-wrap pp-grid-item-wrap elementor-grid-item post-60557 post type-post status-publish format-standard has-post-thumbnail hentry category-actualites\">\n\t\t\t\t\t\t<div class=\"pp-post pp-grid-item\">\n\t\t\t\t\t\t<div class=\"pp-post-thumbnail\">\n\t\t\t<a class=\"pp-post-thumbnail-wrap\" href=\"https:\/\/www.partage.ch\/fr\/actualites\/cyntia-lukala-emege\/\" title=\"Rencontre avec Cyntia Lukala (Eglise Missionnaire Evang\u00e9lique de Gen\u00e8ve)\">\n\t\t\t\t<img decoding=\"async\" width=\"1024\" height=\"576\" src=\"https:\/\/www.partage.ch\/wp-content\/uploads\/Miniature-YouTube-1024x576.jpg\" class=\"attachment-large size-large wp-image-60558\" alt=\"\" srcset=\"https:\/\/www.partage.ch\/wp-content\/uploads\/Miniature-YouTube-1024x576.jpg 1024w, https:\/\/www.partage.ch\/wp-content\/uploads\/Miniature-YouTube-300x169.jpg 300w, https:\/\/www.partage.ch\/wp-content\/uploads\/Miniature-YouTube-768x432.jpg 768w, https:\/\/www.partage.ch\/wp-content\/uploads\/Miniature-YouTube.jpg 1280w\" sizes=\"(max-width: 1024px) 100vw, 1024px\" \/>\t\t\t<\/a>\n\t\t<\/div>\n\t\t\n\t\t\t\t\n\t\t\t\t<div class=\"pp-post-content-wrap\">\n\t\t\t\t\t<div class=\"pp-post-content\">\n\t\t\t\t\t\t\t\t\t\t\t\t<h3 class=\"pp-post-title\">\n\t\t\t\t<a href=\"https:\/\/www.partage.ch\/fr\/actualites\/cyntia-lukala-emege\/\">Rencontre avec Cyntia Lukala (Eglise Missionnaire Evang\u00e9lique de Gen\u00e8ve)<\/a>\t\t\t<\/h3>\n\t\t\t\t\t\t\t<div class=\"pp-post-excerpt\">\n\t\t\t<p>Cr\u00e9e en 1967, l&#8217;Eglise Missionnaire Evang\u00e9lique de Gen\u00e8ve a rejoint le r\u00e9seau des institutions b\u00e9n\u00e9ficiaires de Partage en ce d\u00e9but ...<\/p>\n\t\t<\/div>\n\t\t\t\t\t\t\t\t\t<\/div>\n\t\t\t\t\t\t\t\t\t<\/div>\n\n\t\t\t\t\t\t\t<\/div>\n\t\t\t\t\t<\/div>\n\t\t\t\t<div class=\"pp-post-wrap pp-grid-item-wrap elementor-grid-item post-60529 post type-post status-publish format-standard has-post-thumbnail hentry category-actualites\">\n\t\t\t\t\t\t<div class=\"pp-post pp-grid-item\">\n\t\t\t\t\t\t<div class=\"pp-post-thumbnail\">\n\t\t\t<a class=\"pp-post-thumbnail-wrap\" href=\"https:\/\/www.partage.ch\/fr\/actualites\/cycle-des-voirets\/\" title=\"Le Samedi du partage au Cycle des Voirets\">\n\t\t\t\t<img decoding=\"async\" width=\"1024\" height=\"683\" src=\"https:\/\/www.partage.ch\/wp-content\/uploads\/Aldi-Avanchets_003-1-1024x683.jpg\" class=\"attachment-large size-large wp-image-60530\" alt=\"\" srcset=\"https:\/\/www.partage.ch\/wp-content\/uploads\/Aldi-Avanchets_003-1-1024x683.jpg 1024w, https:\/\/www.partage.ch\/wp-content\/uploads\/Aldi-Avanchets_003-1-300x200.jpg 300w, https:\/\/www.partage.ch\/wp-content\/uploads\/Aldi-Avanchets_003-1-768x512.jpg 768w, https:\/\/www.partage.ch\/wp-content\/uploads\/Aldi-Avanchets_003-1-1536x1025.jpg 1536w, https:\/\/www.partage.ch\/wp-content\/uploads\/Aldi-Avanchets_003-1-2048x1366.jpg 2048w\" sizes=\"(max-width: 1024px) 100vw, 1024px\" \/>\t\t\t<\/a>\n\t\t<\/div>\n\t\t\n\t\t\t\t\n\t\t\t\t<div class=\"pp-post-content-wrap\">\n\t\t\t\t\t<div class=\"pp-post-content\">\n\t\t\t\t\t\t\t\t\t\t\t\t<h3 class=\"pp-post-title\">\n\t\t\t\t<a href=\"https:\/\/www.partage.ch\/fr\/actualites\/cycle-des-voirets\/\">Le Samedi du partage au Cycle des Voirets<\/a>\t\t\t<\/h3>\n\t\t\t\t\t\t\t<div class=\"pp-post-excerpt\">\n\t\t\t<p>Durant la derni\u00e8re \u00e9dition du Samedi du partage les 28 et 29 novembre, une collecte de produits de premi\u00e8re n\u00e9cessit\u00e9 ...<\/p>\n\t\t<\/div>\n\t\t\t\t\t\t\t\t\t<\/div>\n\t\t\t\t\t\t\t\t\t<\/div>\n\n\t\t\t\t\t\t\t<\/div>\n\t\t\t\t\t<\/div>\n\t\t\t\t<div class=\"pp-post-wrap pp-grid-item-wrap elementor-grid-item post-60473 post type-post status-publish format-standard has-post-thumbnail hentry category-actualites\">\n\t\t\t\t\t\t<div class=\"pp-post pp-grid-item\">\n\t\t\t\t\t\t<div class=\"pp-post-thumbnail\">\n\t\t\t<a class=\"pp-post-thumbnail-wrap\" href=\"https:\/\/www.partage.ch\/fr\/actualites\/la-solidarite-romande-collecte-329-tonnes-de-produits-de-premiere-necessite-pour-le-samedi-du-partage\/\" title=\"La solidarit\u00e9 romande collecte 329 tonnes de produits de premi\u00e8re n\u00e9cessit\u00e9 pour le Samedi du partage\">\n\t\t\t\t<img loading=\"lazy\" decoding=\"async\" width=\"1024\" height=\"683\" src=\"https:\/\/www.partage.ch\/wp-content\/uploads\/Migros-Balexert_015-1024x683.jpg\" class=\"attachment-large size-large wp-image-60474\" alt=\"\" srcset=\"https:\/\/www.partage.ch\/wp-content\/uploads\/Migros-Balexert_015-1024x683.jpg 1024w, https:\/\/www.partage.ch\/wp-content\/uploads\/Migros-Balexert_015-300x200.jpg 300w, https:\/\/www.partage.ch\/wp-content\/uploads\/Migros-Balexert_015-768x512.jpg 768w, https:\/\/www.partage.ch\/wp-content\/uploads\/Migros-Balexert_015-1536x1024.jpg 1536w, https:\/\/www.partage.ch\/wp-content\/uploads\/Migros-Balexert_015-2048x1366.jpg 2048w\" sizes=\"(max-width: 1024px) 100vw, 1024px\" \/>\t\t\t<\/a>\n\t\t<\/div>\n\t\t\n\t\t\t\t\n\t\t\t\t<div class=\"pp-post-content-wrap\">\n\t\t\t\t\t<div class=\"pp-post-content\">\n\t\t\t\t\t\t\t\t\t\t\t\t<h3 class=\"pp-post-title\">\n\t\t\t\t<a href=\"https:\/\/www.partage.ch\/fr\/actualites\/la-solidarite-romande-collecte-329-tonnes-de-produits-de-premiere-necessite-pour-le-samedi-du-partage\/\">La solidarit\u00e9 romande collecte 329 tonnes de produits de premi\u00e8re n\u00e9cessit\u00e9 pour le Samedi du partage<\/a>\t\t\t<\/h3>\n\t\t\t\t\t\t\t<div class=\"pp-post-excerpt\">\n\t\t\t<p>Gen\u00e8ve, Lausanne, Fribourg, le 4 d\u00e9cembre 2025 \u2013 Les trois Samedi du partage ont une fois encore uni leurs forces ...<\/p>\n\t\t<\/div>\n\t\t\t\t\t\t\t\t\t<\/div>\n\t\t\t\t\t\t\t\t\t<\/div>\n\n\t\t\t\t\t\t\t<\/div>\n\t\t\t\t\t<\/div>\n\t\t\t\t<div class=\"pp-post-wrap pp-grid-item-wrap elementor-grid-item post-59408 post type-post status-publish format-standard has-post-thumbnail hentry category-actualites\">\n\t\t\t\t\t\t<div class=\"pp-post pp-grid-item\">\n\t\t\t\t\t\t<div class=\"pp-post-thumbnail\">\n\t\t\t<a class=\"pp-post-thumbnail-wrap\" href=\"https:\/\/www.partage.ch\/fr\/actualites\/partage-hote-dhonneur-de-la-47e-course-de-lescalade\/\" title=\"Fondation Partage, h\u00f4te d\u2019honneur de la 47e \u00e9dition de la Course de l\u2019Escalade\">\n\t\t\t\t<img loading=\"lazy\" decoding=\"async\" width=\"716\" height=\"1024\" src=\"https:\/\/www.partage.ch\/wp-content\/uploads\/Escalade2025_F4-716x1024.jpg\" class=\"attachment-large size-large wp-image-59409\" alt=\"\" srcset=\"https:\/\/www.partage.ch\/wp-content\/uploads\/Escalade2025_F4-716x1024.jpg 716w, https:\/\/www.partage.ch\/wp-content\/uploads\/Escalade2025_F4-210x300.jpg 210w, https:\/\/www.partage.ch\/wp-content\/uploads\/Escalade2025_F4-768x1098.jpg 768w, https:\/\/www.partage.ch\/wp-content\/uploads\/Escalade2025_F4-1074x1536.jpg 1074w, https:\/\/www.partage.ch\/wp-content\/uploads\/Escalade2025_F4-1432x2048.jpg 1432w, https:\/\/www.partage.ch\/wp-content\/uploads\/Escalade2025_F4-scaled.jpg 1790w\" sizes=\"(max-width: 716px) 100vw, 716px\" \/>\t\t\t<\/a>\n\t\t<\/div>\n\t\t\n\t\t\t\t\n\t\t\t\t<div class=\"pp-post-content-wrap\">\n\t\t\t\t\t<div class=\"pp-post-content\">\n\t\t\t\t\t\t\t\t\t\t\t\t<h3 class=\"pp-post-title\">\n\t\t\t\t<a href=\"https:\/\/www.partage.ch\/fr\/actualites\/partage-hote-dhonneur-de-la-47e-course-de-lescalade\/\">Fondation Partage, h\u00f4te d\u2019honneur de la 47e \u00e9dition de la Course de l\u2019Escalade<\/a>\t\t\t<\/h3>\n\t\t\t\t\t\t\t<div class=\"pp-post-excerpt\">\n\t\t\t<p>La prochaine \u00e9dition de la Course de l\u2019Escalade prendra place les 6 et 7 d\u00e9cembre. Pour cette course, \u00e9v\u00e8nement sportif ...<\/p>\n\t\t<\/div>\n\t\t\t\t\t\t\t\t\t<\/div>\n\t\t\t\t\t\t\t\t\t<\/div>\n\n\t\t\t\t\t\t\t<\/div>\n\t\t\t\t\t<\/div>\n\t\t\t\t<div class=\"pp-post-wrap pp-grid-item-wrap elementor-grid-item post-59296 post type-post status-publish format-standard has-post-thumbnail hentry category-actualites\">\n\t\t\t\t\t\t<div class=\"pp-post pp-grid-item\">\n\t\t\t\t\t\t<div class=\"pp-post-thumbnail\">\n\t\t\t<a class=\"pp-post-thumbnail-wrap\" href=\"https:\/\/www.partage.ch\/fr\/actualites\/soiree-des-20-ans-de-la-fondation-partage\/\" title=\"Soir\u00e9e des 20 ans de la Fondation Partage\">\n\t\t\t\t<img loading=\"lazy\" decoding=\"async\" width=\"1024\" height=\"615\" src=\"https:\/\/www.partage.ch\/wp-content\/uploads\/Soiree-de-soutien-1024x615.png\" class=\"attachment-large size-large wp-image-59256\" alt=\"\" srcset=\"https:\/\/www.partage.ch\/wp-content\/uploads\/Soiree-de-soutien-1024x615.png 1024w, https:\/\/www.partage.ch\/wp-content\/uploads\/Soiree-de-soutien-300x180.png 300w, https:\/\/www.partage.ch\/wp-content\/uploads\/Soiree-de-soutien-768x462.png 768w, https:\/\/www.partage.ch\/wp-content\/uploads\/Soiree-de-soutien-1536x923.png 1536w, https:\/\/www.partage.ch\/wp-content\/uploads\/Soiree-de-soutien-2048x1231.png 2048w\" sizes=\"(max-width: 1024px) 100vw, 1024px\" \/>\t\t\t<\/a>\n\t\t<\/div>\n\t\t\n\t\t\t\t\n\t\t\t\t<div class=\"pp-post-content-wrap\">\n\t\t\t\t\t<div class=\"pp-post-content\">\n\t\t\t\t\t\t\t\t\t\t\t\t<h3 class=\"pp-post-title\">\n\t\t\t\t<a href=\"https:\/\/www.partage.ch\/fr\/actualites\/soiree-des-20-ans-de-la-fondation-partage\/\">Soir\u00e9e des 20 ans de la Fondation Partage<\/a>\t\t\t<\/h3>\n\t\t\t\t\t\t\t<div class=\"pp-post-excerpt\">\n\t\t\t<p>Apr\u00e8s l\u2019exposition \u00ab\u00a0Au fil des pommes \u2013 20 ans de solidarit\u00e9\u00a0: le fruit d\u2019un engagement\u00a0\u00bb, les c\u00e9l\u00e9brations des 20 ans ...<\/p>\n\t\t<\/div>\n\t\t\t\t\t\t\t\t\t<\/div>\n\t\t\t\t\t\t\t\t\t<\/div>\n\n\t\t\t\t\t\t\t<\/div>\n\t\t\t\t\t<\/div>\n\t\t\t\t\t\t\t\t\t<\/div>\n\t\t\t\n\t\t\t\n\t\t\t\n\t\t\t\n\t\t\t\t\t\t\t\t\t\t\t<div class=\"pp-posts-pagination-wrap pp-posts-pagination-bottom\">\n\t\t\t\t\t\t\t\t<nav class=\"pp-posts-pagination pp-posts-pagination-ajax elementor-pagination\" role=\"navigation\" aria-label=\"Pagination\" data-total=\"10\">\n\t\t\t\t<span aria-current=\"page\" class=\"page-numbers current\">1<\/span>\n<a class=\"page-numbers\" href=\"https:\/\/www.partage.ch\/fr\/wp-json\/wp\/v2\/pages\/2453\/page\/2\/\">2<\/a>\n<a class=\"page-numbers\" href=\"https:\/\/www.partage.ch\/fr\/wp-json\/wp\/v2\/pages\/2453\/page\/3\/\">3<\/a>\n<a class=\"page-numbers\" href=\"https:\/\/www.partage.ch\/fr\/wp-json\/wp\/v2\/pages\/2453\/page\/4\/\">4<\/a>\n<a class=\"page-numbers\" href=\"https:\/\/www.partage.ch\/fr\/wp-json\/wp\/v2\/pages\/2453\/page\/5\/\">5<\/a>\n<a class=\"next page-numbers\" href=\"https:\/\/www.partage.ch\/fr\/wp-json\/wp\/v2\/pages\/2453\/page\/2\/\">Suivants &raquo;<\/a>\t\t\t<\/nav>\n\t\t\t\t\t\t\t<\/div>\n\t\t\t\t\t\t\t\t\t<\/div>\n\n\t\t\n\t\t\t\t\t\t<\/div>\n\t\t\t\t<\/div>\n\t\t\t\t\t<\/div>\n\t\t<\/div>\n\t\t\t\t\t<\/div>\n\t\t<\/section>\n\t\t\t\t<\/div>\n\t\t","protected":false},"excerpt":{"rendered":"<p>Agir avec nous Accueil \/ Archives Le Samedi du partage pulv\u00e9rise son record avec une r\u00e9colte de 275 tonnes ! Cr\u00e9dit photo&nbsp;: Marina Cavazza Les Genevoises et les Genevois ont r\u00e9pondu massivement pr\u00e9sent \u00e0 l\u2019appel \u00e0 la solidarit\u00e9 lanc\u00e9 par &#8230; Stand \u00e0 Cornavin le 16 octobre 2020 A l\u2019occasion de la Journ\u00e9e mondiale de [&hellip;]<\/p>\n","protected":false},"author":1,"featured_media":0,"parent":1959,"menu_order":0,"comment_status":"closed","ping_status":"closed","template":"","meta":{"site-sidebar-layout":"no-sidebar","site-content-layout":"page-builder","ast-site-content-layout":"default","site-content-style":"default","site-sidebar-style":"default","ast-global-header-display":"","ast-banner-title-visibility":"","ast-main-header-display":"","ast-hfb-above-header-display":"","ast-hfb-below-header-display":"","ast-hfb-mobile-header-display":"","site-post-title":"disabled","ast-breadcrumbs-content":"","ast-featured-img":"disabled","footer-sml-layout":"","theme-transparent-header-meta":"default","adv-header-id-meta":"","stick-header-meta":"default","header-above-stick-meta":"","header-main-stick-meta":"","header-below-stick-meta":"","astra-migrate-meta-layouts":"default","ast-page-background-enabled":"default","ast-page-background-meta":{"desktop":{"background-color":"","background-image":"","background-repeat":"repeat","background-position":"center center","background-size":"auto","background-attachment":"scroll","background-type":"","background-media":"","overlay-type":"","overlay-color":"","overlay-opacity":"","overlay-gradient":""},"tablet":{"background-color":"","background-image":"","background-repeat":"repeat","background-position":"center center","background-size":"auto","background-attachment":"scroll","background-type":"","background-media":"","overlay-type":"","overlay-color":"","overlay-opacity":"","overlay-gradient":""},"mobile":{"background-color":"","background-image":"","background-repeat":"repeat","background-position":"center center","background-size":"auto","background-attachment":"scroll","background-type":"","background-media":"","overlay-type":"","overlay-color":"","overlay-opacity":"","overlay-gradient":""}},"ast-content-background-meta":{"desktop":{"background-color":"var(--ast-global-color-5)","background-image":"","background-repeat":"repeat","background-position":"center center","background-size":"auto","background-attachment":"scroll","background-type":"","background-media":"","overlay-type":"","overlay-color":"","overlay-opacity":"","overlay-gradient":""},"tablet":{"background-color":"var(--ast-global-color-5)","background-image":"","background-repeat":"repeat","background-position":"center center","background-size":"auto","background-attachment":"scroll","background-type":"","background-media":"","overlay-type":"","overlay-color":"","overlay-opacity":"","overlay-gradient":""},"mobile":{"background-color":"var(--ast-global-color-5)","background-image":"","background-repeat":"repeat","background-position":"center center","background-size":"auto","background-attachment":"scroll","background-type":"","background-media":"","overlay-type":"","overlay-color":"","overlay-opacity":"","overlay-gradient":""}},"footnotes":""},"class_list":["post-2453","page","type-page","status-publish","hentry"],"_links":{"self":[{"href":"https:\/\/www.partage.ch\/fr\/wp-json\/wp\/v2\/pages\/2453","targetHints":{"allow":["GET"]}}],"collection":[{"href":"https:\/\/www.partage.ch\/fr\/wp-json\/wp\/v2\/pages"}],"about":[{"href":"https:\/\/www.partage.ch\/fr\/wp-json\/wp\/v2\/types\/page"}],"author":[{"embeddable":true,"href":"https:\/\/www.partage.ch\/fr\/wp-json\/wp\/v2\/users\/1"}],"replies":[{"embeddable":true,"href":"https:\/\/www.partage.ch\/fr\/wp-json\/wp\/v2\/comments?post=2453"}],"version-history":[{"count":0,"href":"https:\/\/www.partage.ch\/fr\/wp-json\/wp\/v2\/pages\/2453\/revisions"}],"up":[{"embeddable":true,"href":"https:\/\/www.partage.ch\/fr\/wp-json\/wp\/v2\/pages\/1959"}],"wp:attachment":[{"href":"https:\/\/www.partage.ch\/fr\/wp-json\/wp\/v2\/media?parent=2453"}],"curies":[{"name":"wp","href":"https:\/\/api.w.org\/{rel}","templated":true}]}}