{"id":55385,"date":"2024-08-08T16:51:41","date_gmt":"2024-08-08T14:51:41","guid":{"rendered":"https:\/\/www.partage.ch\/news\/archives\/"},"modified":"2024-08-08T16:51:42","modified_gmt":"2024-08-08T14:51:42","slug":"archives","status":"publish","type":"page","link":"https:\/\/www.partage.ch\/en\/news\/archives\/","title":{"rendered":"Archives"},"content":{"rendered":"\t\t<div data-elementor-type=\"wp-page\" data-elementor-id=\"55385\" class=\"elementor elementor-55385 elementor-2453\" data-elementor-post-type=\"page\">\n\t\t\t\t\t\t<section class=\"elementor-section elementor-top-section elementor-element elementor-element-6211c405 elementor-section-full_width elementor-section-height-min-height elementor-section-items-stretch elementor-section-content-middle elementor-section-height-default\" data-id=\"6211c405\" data-element_type=\"section\" data-e-type=\"section\">\n\t\t\t\t\t\t<div class=\"elementor-container elementor-column-gap-no\">\n\t\t\t\t\t<div class=\"elementor-column elementor-col-50 elementor-top-column elementor-element elementor-element-511d16c4\" data-id=\"511d16c4\" data-element_type=\"column\" data-e-type=\"column\" data-settings=\"{&quot;background_background&quot;:&quot;classic&quot;}\">\n\t\t\t<div class=\"elementor-widget-wrap elementor-element-populated\">\n\t\t\t\t\t<div class=\"elementor-background-overlay\"><\/div>\n\t\t\t\t\t\t<div class=\"elementor-element elementor-element-51aa6f79 elementor-widget__width-auto elementor-invisible elementor-widget elementor-widget-heading\" data-id=\"51aa6f79\" data-element_type=\"widget\" data-e-type=\"widget\" data-settings=\"{&quot;_animation&quot;:&quot;fadeInLeft&quot;}\" data-widget_type=\"heading.default\">\n\t\t\t\t<div class=\"elementor-widget-container\">\n\t\t\t\t\t<h1 class=\"elementor-heading-title elementor-size-default\"><span class=\"highlight\">Act <\/span>with us<\/h1>\t\t\t\t<\/div>\n\t\t\t\t<\/div>\n\t\t\t\t\t<\/div>\n\t\t<\/div>\n\t\t\t\t<div class=\"elementor-column elementor-col-50 elementor-top-column elementor-element elementor-element-21e26364\" data-id=\"21e26364\" data-element_type=\"column\" data-e-type=\"column\" data-settings=\"{&quot;background_background&quot;:&quot;classic&quot;,&quot;background_motion_fx_motion_fx_scrolling&quot;:&quot;yes&quot;,&quot;background_motion_fx_scale_effect&quot;:&quot;yes&quot;,&quot;background_motion_fx_scale_speed&quot;:{&quot;unit&quot;:&quot;px&quot;,&quot;size&quot;:2,&quot;sizes&quot;:[]},&quot;background_motion_fx_scale_direction&quot;:&quot;out-in&quot;,&quot;background_motion_fx_scale_range&quot;:{&quot;unit&quot;:&quot;%&quot;,&quot;size&quot;:&quot;&quot;,&quot;sizes&quot;:{&quot;start&quot;:20,&quot;end&quot;:80}},&quot;background_motion_fx_devices&quot;:[&quot;widescreen&quot;,&quot;desktop&quot;,&quot;laptop&quot;,&quot;tablet_extra&quot;,&quot;tablet&quot;,&quot;mobile_extra&quot;,&quot;mobile&quot;]}\">\n\t\t\t<div class=\"elementor-widget-wrap elementor-element-populated\">\n\t\t\t\t\t\t<div class=\"elementor-element elementor-element-4164cca4 elementor-widget elementor-widget-spacer\" data-id=\"4164cca4\" data-element_type=\"widget\" data-e-type=\"widget\" data-widget_type=\"spacer.default\">\n\t\t\t\t<div class=\"elementor-widget-container\">\n\t\t\t\t\t\t\t<div class=\"elementor-spacer\">\n\t\t\t<div class=\"elementor-spacer-inner\"><\/div>\n\t\t<\/div>\n\t\t\t\t\t\t<\/div>\n\t\t\t\t<\/div>\n\t\t\t\t\t<\/div>\n\t\t<\/div>\n\t\t\t\t\t<\/div>\n\t\t<\/section>\n\t\t\t\t<section class=\"elementor-section elementor-top-section elementor-element elementor-element-1e92be2b elementor-section-boxed elementor-section-height-default elementor-section-height-default\" data-id=\"1e92be2b\" data-element_type=\"section\" data-e-type=\"section\">\n\t\t\t\t\t\t<div class=\"elementor-container elementor-column-gap-default\">\n\t\t\t\t\t<div class=\"elementor-column elementor-col-100 elementor-top-column elementor-element elementor-element-32ae4d84\" data-id=\"32ae4d84\" data-element_type=\"column\" data-e-type=\"column\">\n\t\t\t<div class=\"elementor-widget-wrap elementor-element-populated\">\n\t\t\t\t\t\t<div class=\"elementor-element elementor-element-6c81a23 elementor-hidden-phone elementor-widget elementor-widget-global elementor-global-9996 elementor-global-836 elementor-widget-pp-breadcrumbs\" data-id=\"6c81a23\" data-element_type=\"widget\" data-e-type=\"widget\" data-settings=\"{&quot;breadcrumbs_type&quot;:&quot;powerpack&quot;}\" data-widget_type=\"pp-breadcrumbs.default\">\n\t\t\t\t<div class=\"elementor-widget-container\">\n\t\t\t\t\t<ul class=\"pp-breadcrumbs pp-breadcrumbs-powerpack\">\t\t<li class=\"pp-breadcrumbs-item pp-breadcrumbs-item-home\">\n\t\t\t<a class=\"pp-breadcrumbs-crumb pp-breadcrumbs-crumb-link pp-breadcrumbs-crumb-home\" href=\"https:\/\/www.partage.ch\/en\/\" title=\"Home\">\n\t\t\t\t<span class=\"pp-breadcrumbs-text\">\n\t\t\t\t\t\t\t\t\t\tHome\t\t\t\t<\/span>\n\t\t\t<\/a>\n\t\t<\/li>\n\t\t<li class=\"pp-breadcrumbs-separator\"><span class=\"pp-breadcrumbs-separator-text\">\/<\/span><\/li><\/ul>\t\t\t\t<\/div>\n\t\t\t\t<\/div>\n\t\t\t\t<div class=\"elementor-element elementor-element-834b5fb elementor-widget elementor-widget-heading\" data-id=\"834b5fb\" data-element_type=\"widget\" data-e-type=\"widget\" data-widget_type=\"heading.default\">\n\t\t\t\t<div class=\"elementor-widget-container\">\n\t\t\t\t\t<h1 class=\"elementor-heading-title elementor-size-default\">Archives<\/h1>\t\t\t\t<\/div>\n\t\t\t\t<\/div>\n\t\t\t\t<div class=\"elementor-element elementor-element-718647c pp-equal-height-yes pp-posts-thumbnail-ratio elementor-grid-3 elementor-grid-tablet-2 elementor-grid-mobile-1 elementor-widget elementor-widget-pp-posts\" data-id=\"718647c\" data-element_type=\"widget\" data-e-type=\"widget\" data-widget_type=\"pp-posts.classic\">\n\t\t\t\t<div class=\"elementor-widget-container\">\n\t\t\t\t\t\t\t<div class=\"pp-posts-container\">\n\t\t\t\n\t\t\t\t\t\t\t\t\t\t\n\t\t\t<div class=\"pp-posts pp-posts-skin-classic elementor-grid pp-posts-grid\" data-query-type=\"custom\" data-layout=\"grid\" data-page=\"55385\" data-skin=\"classic\">\n\t\t\t\t\t\t\t\t\t\t\t<div class=\"pp-post-wrap pp-grid-item-wrap elementor-grid-item post-60676 post type-post status-publish format-standard has-post-thumbnail hentry category-news\">\n\t\t\t\t\t\t<div class=\"pp-post pp-grid-item\">\n\t\t\t\t\t\t<div class=\"pp-post-thumbnail\">\n\t\t\t<a class=\"pp-post-thumbnail-wrap\" href=\"https:\/\/www.partage.ch\/en\/news\/take-a-look-behind-the-scenes-at-voie-f\/\" title=\"Take a look behind the scenes at Voie F\">\n\t\t\t\t<img fetchpriority=\"high\" decoding=\"async\" width=\"800\" height=\"642\" src=\"https:\/\/www.partage.ch\/wp-content\/uploads\/PHOTO-EQUIPE-1024x823-800x642-1.jpg\" class=\"attachment-large size-large wp-image-60675\" alt=\"\" srcset=\"https:\/\/www.partage.ch\/wp-content\/uploads\/PHOTO-EQUIPE-1024x823-800x642-1.jpg 800w, https:\/\/www.partage.ch\/wp-content\/uploads\/PHOTO-EQUIPE-1024x823-800x642-1-300x241.jpg 300w, https:\/\/www.partage.ch\/wp-content\/uploads\/PHOTO-EQUIPE-1024x823-800x642-1-768x616.jpg 768w\" sizes=\"(max-width: 800px) 100vw, 800px\" \/>\t\t\t<\/a>\n\t\t<\/div>\n\t\t\n\t\t\t\t\n\t\t\t\t<div class=\"pp-post-content-wrap\">\n\t\t\t\t\t<div class=\"pp-post-content\">\n\t\t\t\t\t\t\t\t\t\t\t\t<h3 class=\"pp-post-title\">\n\t\t\t\t<a href=\"https:\/\/www.partage.ch\/en\/news\/take-a-look-behind-the-scenes-at-voie-f\/\">Take a look behind the scenes at Voie F<\/a>\t\t\t<\/h3>\n\t\t\t\t\t\t\t<div class=\"pp-post-excerpt\">\n\t\t\t<p>Since 2026, the Voie F Association has joined the Partage Foundation network, which now includes more than 50 beneficiary organizations. ...<\/p>\n\t\t<\/div>\n\t\t\t\t\t\t\t\t\t<\/div>\n\t\t\t\t\t\t\t\t\t<\/div>\n\n\t\t\t\t\t\t\t<\/div>\n\t\t\t\t\t<\/div>\n\t\t\t\t<div class=\"pp-post-wrap pp-grid-item-wrap elementor-grid-item post-60643 post type-post status-publish format-standard has-post-thumbnail hentry category-news\">\n\t\t\t\t\t\t<div class=\"pp-post pp-grid-item\">\n\t\t\t\t\t\t<div class=\"pp-post-thumbnail\">\n\t\t\t<a class=\"pp-post-thumbnail-wrap\" href=\"https:\/\/www.partage.ch\/en\/news\/meeting-with-cyntia-lukala-eglise-missionnaire-evangelique-de-geneve\/\" title=\"Meeting with Cyntia Lukala (Eglise Missionnaire Evang\u00e9lique de Gen\u00e8ve)\">\n\t\t\t\t<img decoding=\"async\" width=\"1024\" height=\"576\" src=\"https:\/\/www.partage.ch\/wp-content\/uploads\/Miniature-YouTube-1024x576.jpg\" class=\"attachment-large size-large wp-image-60559\" alt=\"\" srcset=\"https:\/\/www.partage.ch\/wp-content\/uploads\/Miniature-YouTube-1024x576.jpg 1024w, https:\/\/www.partage.ch\/wp-content\/uploads\/Miniature-YouTube-300x169.jpg 300w, https:\/\/www.partage.ch\/wp-content\/uploads\/Miniature-YouTube-768x432.jpg 768w, https:\/\/www.partage.ch\/wp-content\/uploads\/Miniature-YouTube.jpg 1280w\" sizes=\"(max-width: 1024px) 100vw, 1024px\" \/>\t\t\t<\/a>\n\t\t<\/div>\n\t\t\n\t\t\t\t\n\t\t\t\t<div class=\"pp-post-content-wrap\">\n\t\t\t\t\t<div class=\"pp-post-content\">\n\t\t\t\t\t\t\t\t\t\t\t\t<h3 class=\"pp-post-title\">\n\t\t\t\t<a href=\"https:\/\/www.partage.ch\/en\/news\/meeting-with-cyntia-lukala-eglise-missionnaire-evangelique-de-geneve\/\">Meeting with Cyntia Lukala (Eglise Missionnaire Evang\u00e9lique de Gen\u00e8ve)<\/a>\t\t\t<\/h3>\n\t\t\t\t\t\t\t<div class=\"pp-post-excerpt\">\n\t\t\t<p>Founded in 1967, the Eglise Missionnaire Evang\u00e9lique de Gen\u00e8ve joined the network of institutions benefiting from Partage at the beginning ...<\/p>\n\t\t<\/div>\n\t\t\t\t\t\t\t\t\t<\/div>\n\t\t\t\t\t\t\t\t\t<\/div>\n\n\t\t\t\t\t\t\t<\/div>\n\t\t\t\t\t<\/div>\n\t\t\t\t<div class=\"pp-post-wrap pp-grid-item-wrap elementor-grid-item post-60537 post type-post status-publish format-standard has-post-thumbnail hentry category-news\">\n\t\t\t\t\t\t<div class=\"pp-post pp-grid-item\">\n\t\t\t\t\t\t<div class=\"pp-post-thumbnail\">\n\t\t\t<a class=\"pp-post-thumbnail-wrap\" href=\"https:\/\/www.partage.ch\/en\/news\/samedi-du-partage-at-cycle-des-voirets\/\" title=\"Samedi du partage at Cycle des Voirets\">\n\t\t\t\t<img decoding=\"async\" width=\"1024\" height=\"683\" src=\"https:\/\/www.partage.ch\/wp-content\/uploads\/Aldi-Avanchets_003-1-1024x683.jpg\" class=\"attachment-large size-large wp-image-60531\" alt=\"\" srcset=\"https:\/\/www.partage.ch\/wp-content\/uploads\/Aldi-Avanchets_003-1-1024x683.jpg 1024w, https:\/\/www.partage.ch\/wp-content\/uploads\/Aldi-Avanchets_003-1-300x200.jpg 300w, https:\/\/www.partage.ch\/wp-content\/uploads\/Aldi-Avanchets_003-1-768x512.jpg 768w, https:\/\/www.partage.ch\/wp-content\/uploads\/Aldi-Avanchets_003-1-1536x1025.jpg 1536w, https:\/\/www.partage.ch\/wp-content\/uploads\/Aldi-Avanchets_003-1-2048x1366.jpg 2048w\" sizes=\"(max-width: 1024px) 100vw, 1024px\" \/>\t\t\t<\/a>\n\t\t<\/div>\n\t\t\n\t\t\t\t\n\t\t\t\t<div class=\"pp-post-content-wrap\">\n\t\t\t\t\t<div class=\"pp-post-content\">\n\t\t\t\t\t\t\t\t\t\t\t\t<h3 class=\"pp-post-title\">\n\t\t\t\t<a href=\"https:\/\/www.partage.ch\/en\/news\/samedi-du-partage-at-cycle-des-voirets\/\">Samedi du partage at Cycle des Voirets<\/a>\t\t\t<\/h3>\n\t\t\t\t\t\t\t<div class=\"pp-post-excerpt\">\n\t\t\t<p>During the latest edition of Samedi du partage on 28 and 29 November, a collection of essential items was organised ...<\/p>\n\t\t<\/div>\n\t\t\t\t\t\t\t\t\t<\/div>\n\t\t\t\t\t\t\t\t\t<\/div>\n\n\t\t\t\t\t\t\t<\/div>\n\t\t\t\t\t<\/div>\n\t\t\t\t<div class=\"pp-post-wrap pp-grid-item-wrap elementor-grid-item post-60488 post type-post status-publish format-standard has-post-thumbnail hentry category-news\">\n\t\t\t\t\t\t<div class=\"pp-post pp-grid-item\">\n\t\t\t\t\t\t<div class=\"pp-post-thumbnail\">\n\t\t\t<a class=\"pp-post-thumbnail-wrap\" href=\"https:\/\/www.partage.ch\/en\/news\/solidarity-in-french-speaking-switzerland-collects-329-tonnes-of-essential-items-for-sharing-saturday\/\" title=\"Solidarity in French-speaking Switzerland collects 329 tonnes of essential items for Sharing Saturday\">\n\t\t\t\t<img loading=\"lazy\" decoding=\"async\" width=\"1024\" height=\"683\" src=\"https:\/\/www.partage.ch\/wp-content\/uploads\/Migros-Balexert_015-1024x683.jpg\" class=\"attachment-large size-large wp-image-60475\" alt=\"\" srcset=\"https:\/\/www.partage.ch\/wp-content\/uploads\/Migros-Balexert_015-1024x683.jpg 1024w, https:\/\/www.partage.ch\/wp-content\/uploads\/Migros-Balexert_015-300x200.jpg 300w, https:\/\/www.partage.ch\/wp-content\/uploads\/Migros-Balexert_015-768x512.jpg 768w, https:\/\/www.partage.ch\/wp-content\/uploads\/Migros-Balexert_015-1536x1024.jpg 1536w, https:\/\/www.partage.ch\/wp-content\/uploads\/Migros-Balexert_015-2048x1366.jpg 2048w\" sizes=\"(max-width: 1024px) 100vw, 1024px\" \/>\t\t\t<\/a>\n\t\t<\/div>\n\t\t\n\t\t\t\t\n\t\t\t\t<div class=\"pp-post-content-wrap\">\n\t\t\t\t\t<div class=\"pp-post-content\">\n\t\t\t\t\t\t\t\t\t\t\t\t<h3 class=\"pp-post-title\">\n\t\t\t\t<a href=\"https:\/\/www.partage.ch\/en\/news\/solidarity-in-french-speaking-switzerland-collects-329-tonnes-of-essential-items-for-sharing-saturday\/\">Solidarity in French-speaking Switzerland collects 329 tonnes of essential items for Sharing Saturday<\/a>\t\t\t<\/h3>\n\t\t\t\t\t\t\t<div class=\"pp-post-excerpt\">\n\t\t\t<p>Geneva, Lausanne, Fribourg, 4 December 2025 \u2013 The three Samedi du partage organisations once again joined forces on 28 and ...<\/p>\n\t\t<\/div>\n\t\t\t\t\t\t\t\t\t<\/div>\n\t\t\t\t\t\t\t\t\t<\/div>\n\n\t\t\t\t\t\t\t<\/div>\n\t\t\t\t\t<\/div>\n\t\t\t\t<div class=\"pp-post-wrap pp-grid-item-wrap elementor-grid-item post-59424 post type-post status-publish format-standard has-post-thumbnail hentry category-news\">\n\t\t\t\t\t\t<div class=\"pp-post pp-grid-item\">\n\t\t\t\t\t\t<div class=\"pp-post-thumbnail\">\n\t\t\t<a class=\"pp-post-thumbnail-wrap\" href=\"https:\/\/www.partage.ch\/en\/news\/aurelien-from-solidarity-employment-to-sustainable-employment\/\" title=\"Aur\u00e9lien: From solidarity employment to sustainable employment\">\n\t\t\t\t<img loading=\"lazy\" decoding=\"async\" width=\"1024\" height=\"683\" src=\"https:\/\/www.partage.ch\/wp-content\/uploads\/IMG_3695-1024x683.jpg\" class=\"attachment-large size-large wp-image-59419\" alt=\"\" srcset=\"https:\/\/www.partage.ch\/wp-content\/uploads\/IMG_3695-1024x683.jpg 1024w, https:\/\/www.partage.ch\/wp-content\/uploads\/IMG_3695-300x200.jpg 300w, https:\/\/www.partage.ch\/wp-content\/uploads\/IMG_3695-768x512.jpg 768w, https:\/\/www.partage.ch\/wp-content\/uploads\/IMG_3695-1536x1024.jpg 1536w, https:\/\/www.partage.ch\/wp-content\/uploads\/IMG_3695-2048x1365.jpg 2048w\" sizes=\"(max-width: 1024px) 100vw, 1024px\" \/>\t\t\t<\/a>\n\t\t<\/div>\n\t\t\n\t\t\t\t\n\t\t\t\t<div class=\"pp-post-content-wrap\">\n\t\t\t\t\t<div class=\"pp-post-content\">\n\t\t\t\t\t\t\t\t\t\t\t\t<h3 class=\"pp-post-title\">\n\t\t\t\t<a href=\"https:\/\/www.partage.ch\/en\/news\/aurelien-from-solidarity-employment-to-sustainable-employment\/\">Aur\u00e9lien: From solidarity employment to sustainable employment<\/a>\t\t\t<\/h3>\n\t\t\t\t\t\t\t<div class=\"pp-post-excerpt\">\n\t\t\t<p>At Fondation Partage, we are proud to share stories that inspire and show that professional reintegration is possible. Today, we ...<\/p>\n\t\t<\/div>\n\t\t\t\t\t\t\t\t\t<\/div>\n\t\t\t\t\t\t\t\t\t<\/div>\n\n\t\t\t\t\t\t\t<\/div>\n\t\t\t\t\t<\/div>\n\t\t\t\t<div class=\"pp-post-wrap pp-grid-item-wrap elementor-grid-item post-59415 post type-post status-publish format-standard has-post-thumbnail hentry category-news\">\n\t\t\t\t\t\t<div class=\"pp-post pp-grid-item\">\n\t\t\t\t\t\t<div class=\"pp-post-thumbnail\">\n\t\t\t<a class=\"pp-post-thumbnail-wrap\" href=\"https:\/\/www.partage.ch\/en\/news\/partage-guest-of-honour-at-the-47th-course-de-lescalade\/\" title=\"Fondation Partage, guest of honour at the 47th edition of the Course de l\u2019Escalade\">\n\t\t\t\t<img loading=\"lazy\" decoding=\"async\" width=\"716\" height=\"1024\" src=\"https:\/\/www.partage.ch\/wp-content\/uploads\/Escalade2025_F4-716x1024.jpg\" class=\"attachment-large size-large wp-image-59410\" alt=\"\" srcset=\"https:\/\/www.partage.ch\/wp-content\/uploads\/Escalade2025_F4-716x1024.jpg 716w, https:\/\/www.partage.ch\/wp-content\/uploads\/Escalade2025_F4-210x300.jpg 210w, https:\/\/www.partage.ch\/wp-content\/uploads\/Escalade2025_F4-768x1098.jpg 768w, https:\/\/www.partage.ch\/wp-content\/uploads\/Escalade2025_F4-1074x1536.jpg 1074w, https:\/\/www.partage.ch\/wp-content\/uploads\/Escalade2025_F4-1432x2048.jpg 1432w, https:\/\/www.partage.ch\/wp-content\/uploads\/Escalade2025_F4-scaled.jpg 1790w\" sizes=\"(max-width: 716px) 100vw, 716px\" \/>\t\t\t<\/a>\n\t\t<\/div>\n\t\t\n\t\t\t\t\n\t\t\t\t<div class=\"pp-post-content-wrap\">\n\t\t\t\t\t<div class=\"pp-post-content\">\n\t\t\t\t\t\t\t\t\t\t\t\t<h3 class=\"pp-post-title\">\n\t\t\t\t<a href=\"https:\/\/www.partage.ch\/en\/news\/partage-guest-of-honour-at-the-47th-course-de-lescalade\/\">Fondation Partage, guest of honour at the 47th edition of the Course de l\u2019Escalade<\/a>\t\t\t<\/h3>\n\t\t\t\t\t\t\t<div class=\"pp-post-excerpt\">\n\t\t\t<p>The next edition of the Course de l&#8217;Escalade will take place on 6 and 7 December. Nearly 60,000 runners are ...<\/p>\n\t\t<\/div>\n\t\t\t\t\t\t\t\t\t<\/div>\n\t\t\t\t\t\t\t\t\t<\/div>\n\n\t\t\t\t\t\t\t<\/div>\n\t\t\t\t\t<\/div>\n\t\t\t\t\t\t\t\t\t<\/div>\n\t\t\t<div class=\"pp-screen-only elementor-screen-only\" aria-live=\"polite\" id=\"pp-post-carousel-status\">Showing Slide 1 of 7<\/div>\n\t\t\t\n\t\t\t\n\t\t\t\n\t\t\t\t\t\t\t\t\t\t\t<div class=\"pp-posts-pagination-wrap pp-posts-pagination-bottom\">\n\t\t\t\t\t\t\t\t<nav class=\"pp-posts-pagination pp-posts-pagination-ajax elementor-pagination\" role=\"navigation\" aria-label=\"Pagination\" data-total=\"10\">\n\t\t\t\t<span aria-current=\"page\" class=\"page-numbers current\">1<\/span>\n<a class=\"page-numbers\" href=\"https:\/\/www.partage.ch\/en\/wp-json\/wp\/v2\/pages\/55385\/page\/2\/\">2<\/a>\n<a class=\"page-numbers\" href=\"https:\/\/www.partage.ch\/en\/wp-json\/wp\/v2\/pages\/55385\/page\/3\/\">3<\/a>\n<a class=\"page-numbers\" href=\"https:\/\/www.partage.ch\/en\/wp-json\/wp\/v2\/pages\/55385\/page\/4\/\">4<\/a>\n<a class=\"page-numbers\" href=\"https:\/\/www.partage.ch\/en\/wp-json\/wp\/v2\/pages\/55385\/page\/5\/\">5<\/a>\n<a class=\"next page-numbers\" href=\"https:\/\/www.partage.ch\/en\/wp-json\/wp\/v2\/pages\/55385\/page\/2\/\">Next \u00bb<\/a>\t\t\t<\/nav>\n\t\t\t\t\t\t\t<\/div>\n\t\t\t\t\t\t\t\t\t<\/div>\n\n\t\t\n\t\t\t\t\t\t<\/div>\n\t\t\t\t<\/div>\n\t\t\t\t\t<\/div>\n\t\t<\/div>\n\t\t\t\t\t<\/div>\n\t\t<\/section>\n\t\t\t\t<\/div>\n\t\t","protected":false},"excerpt":{"rendered":"<p>Act with us Accueil \/ Archives Gen\u00e8ve, Vaud et Fribourg unissent leurs forces pour la premi\u00e8re fois pour la plus grande collecte alimentaire de Suisse romande et r\u00e9coltent 269 tonnes de produits de premi\u00e8re n\u00e9cessit\u00e9 Gen\u00e8ve, Lausanne, Fribourg, le 5 juin 2024 \u2013 Dans un \u00e9lan de solidarit\u00e9 sans pr\u00e9c\u00e9dent, les trois cantons romands ont [&hellip;]<\/p>\n","protected":false},"author":1,"featured_media":0,"parent":9767,"menu_order":0,"comment_status":"closed","ping_status":"closed","template":"","meta":{"site-sidebar-layout":"no-sidebar","site-content-layout":"page-builder","ast-site-content-layout":"default","site-content-style":"default","site-sidebar-style":"default","ast-global-header-display":"","ast-banner-title-visibility":"","ast-main-header-display":"","ast-hfb-above-header-display":"","ast-hfb-below-header-display":"","ast-hfb-mobile-header-display":"","site-post-title":"disabled","ast-breadcrumbs-content":"","ast-featured-img":"disabled","footer-sml-layout":"","theme-transparent-header-meta":"default","adv-header-id-meta":"","stick-header-meta":"default","header-above-stick-meta":"","header-main-stick-meta":"","header-below-stick-meta":"","astra-migrate-meta-layouts":"default","ast-page-background-enabled":"default","ast-page-background-meta":{"desktop":{"background-color":"","background-image":"","background-repeat":"repeat","background-position":"center center","background-size":"auto","background-attachment":"scroll","background-type":"","background-media":"","overlay-type":"","overlay-color":"","overlay-opacity":"","overlay-gradient":""},"tablet":{"background-color":"","background-image":"","background-repeat":"repeat","background-position":"center center","background-size":"auto","background-attachment":"scroll","background-type":"","background-media":"","overlay-type":"","overlay-color":"","overlay-opacity":"","overlay-gradient":""},"mobile":{"background-color":"","background-image":"","background-repeat":"repeat","background-position":"center center","background-size":"auto","background-attachment":"scroll","background-type":"","background-media":"","overlay-type":"","overlay-color":"","overlay-opacity":"","overlay-gradient":""}},"ast-content-background-meta":{"desktop":{"background-color":"var(--ast-global-color-5)","background-image":"","background-repeat":"repeat","background-position":"center center","background-size":"auto","background-attachment":"scroll","background-type":"","background-media":"","overlay-type":"","overlay-color":"","overlay-opacity":"","overlay-gradient":""},"tablet":{"background-color":"var(--ast-global-color-5)","background-image":"","background-repeat":"repeat","background-position":"center center","background-size":"auto","background-attachment":"scroll","background-type":"","background-media":"","overlay-type":"","overlay-color":"","overlay-opacity":"","overlay-gradient":""},"mobile":{"background-color":"var(--ast-global-color-5)","background-image":"","background-repeat":"repeat","background-position":"center center","background-size":"auto","background-attachment":"scroll","background-type":"","background-media":"","overlay-type":"","overlay-color":"","overlay-opacity":"","overlay-gradient":""}},"footnotes":""},"class_list":["post-55385","page","type-page","status-publish","hentry"],"_links":{"self":[{"href":"https:\/\/www.partage.ch\/en\/wp-json\/wp\/v2\/pages\/55385","targetHints":{"allow":["GET"]}}],"collection":[{"href":"https:\/\/www.partage.ch\/en\/wp-json\/wp\/v2\/pages"}],"about":[{"href":"https:\/\/www.partage.ch\/en\/wp-json\/wp\/v2\/types\/page"}],"author":[{"embeddable":true,"href":"https:\/\/www.partage.ch\/en\/wp-json\/wp\/v2\/users\/1"}],"replies":[{"embeddable":true,"href":"https:\/\/www.partage.ch\/en\/wp-json\/wp\/v2\/comments?post=55385"}],"version-history":[{"count":1,"href":"https:\/\/www.partage.ch\/en\/wp-json\/wp\/v2\/pages\/55385\/revisions"}],"predecessor-version":[{"id":55386,"href":"https:\/\/www.partage.ch\/en\/wp-json\/wp\/v2\/pages\/55385\/revisions\/55386"}],"up":[{"embeddable":true,"href":"https:\/\/www.partage.ch\/en\/wp-json\/wp\/v2\/pages\/9767"}],"wp:attachment":[{"href":"https:\/\/www.partage.ch\/en\/wp-json\/wp\/v2\/media?parent=55385"}],"curies":[{"name":"wp","href":"https:\/\/api.w.org\/{rel}","templated":true}]}}